{"id":3496,"date":"2024-04-24T18:20:42","date_gmt":"2024-04-24T18:20:42","guid":{"rendered":"https:\/\/comexbrindes.com.br\/site\/?post_type=product&#038;p=3496"},"modified":"2025-01-27T20:15:27","modified_gmt":"2025-01-27T20:15:27","slug":"bombas-inox-personalizadas-ac-252gd","status":"publish","type":"product","link":"https:\/\/comexbrindes.com.br\/site\/produto\/bombas-inox-personalizadas-ac-252gd\/","title":{"rendered":"BOMBAS INOX PERSONALIZADAS &#8211; AC.252GD"},"content":{"rendered":"<ul>\n<li>Bombas inox 24 cm.<\/li>\n<li>Detalhes dourados.<\/li>\n<li>Acompanha saco algod\u00e3o preto.<\/li>\n<li><strong>Grava\u00e7\u00e3o:<\/strong> laser em um lado.<\/li>\n<\/ul>\n","protected":false},"excerpt":{"rendered":"<p>Bombas inox 24 cm. Detalhes dourados. Acompanha saco algod\u00e3o preto. Grava\u00e7\u00e3o: laser em um lado.<\/p>\n","protected":false},"featured_media":3497,"template":"","meta":[],"product_cat":[75],"product_tag":[],"class_list":{"0":"post-3496","1":"product","2":"type-product","3":"status-publish","4":"has-post-thumbnail","6":"product_cat-chimarrao","8":"first","9":"instock","10":"shipping-taxable","11":"product-type-variable"},"_links":{"self":[{"href":"https:\/\/comexbrindes.com.br\/site\/wp-json\/wp\/v2\/product\/3496","targetHints":{"allow":["GET"]}}],"collection":[{"href":"https:\/\/comexbrindes.com.br\/site\/wp-json\/wp\/v2\/product"}],"about":[{"href":"https:\/\/comexbrindes.com.br\/site\/wp-json\/wp\/v2\/types\/product"}],"version-history":[{"count":2,"href":"https:\/\/comexbrindes.com.br\/site\/wp-json\/wp\/v2\/product\/3496\/revisions"}],"predecessor-version":[{"id":6879,"href":"https:\/\/comexbrindes.com.br\/site\/wp-json\/wp\/v2\/product\/3496\/revisions\/6879"}],"wp:featuredmedia":[{"embeddable":true,"href":"https:\/\/comexbrindes.com.br\/site\/wp-json\/wp\/v2\/media\/3497"}],"wp:attachment":[{"href":"https:\/\/comexbrindes.com.br\/site\/wp-json\/wp\/v2\/media?parent=3496"}],"wp:term":[{"taxonomy":"product_cat","embeddable":true,"href":"https:\/\/comexbrindes.com.br\/site\/wp-json\/wp\/v2\/product_cat?post=3496"},{"taxonomy":"product_tag","embeddable":true,"href":"https:\/\/comexbrindes.com.br\/site\/wp-json\/wp\/v2\/product_tag?post=3496"}],"curies":[{"name":"wp","href":"https:\/\/api.w.org\/{rel}","templated":true}]}}