{"id":348,"date":"2024-04-16T12:57:41","date_gmt":"2024-04-16T12:57:41","guid":{"rendered":"https:\/\/comexbrindes.com.br\/site\/?post_type=product&#038;p=348"},"modified":"2026-02-09T18:31:28","modified_gmt":"2026-02-09T18:31:28","slug":"caneca-inox-parede-dupla-tampa-base-antiderrapante-250ml-zbx-22681","status":"publish","type":"product","link":"https:\/\/comexbrindes.com.br\/site\/produto\/caneca-inox-parede-dupla-tampa-base-antiderrapante-250ml-zbx-22681\/","title":{"rendered":"11 CANECA INOX, PAREDE DUPLA, 230 ML &#8211; BX.22681"},"content":{"rendered":"<ul>\n<li dir=\"ltr\">Parede dupla em inox, pegador de pl\u00e1stico, 230 ml.<\/li>\n<li dir=\"ltr\">Cont\u00e9m tampa pl\u00e1stica para veda\u00e7\u00e3o e base com EVA antiderrapante.<\/li>\n<li class=\"selectable-text copyable-text x15bjb6t x1n2onr6\" dir=\"ltr\"><strong><span class=\"selectable-text copyable-text\">Cores: <\/span><\/strong><span class=\"selectable-text copyable-text\">azul, inox, preto, rosa, verde.<\/span><\/li>\n<li class=\"selectable-text copyable-text x15bjb6t x1n2onr6\" dir=\"ltr\"><strong><span class=\"selectable-text copyable-text\">Tamanho:<\/span><\/strong><span class=\"selectable-text copyable-text\"> 9,7 x 11 x 22 cm circunfer\u00eancia.\u00a0<\/span><\/li>\n<li class=\"selectable-text copyable-text x15bjb6t x1n2onr6\" dir=\"ltr\"><strong><span class=\"selectable-text copyable-text\">Grava\u00e7\u00e3o:<\/span><\/strong><span class=\"selectable-text copyable-text\"> laser em um lado.<\/span><\/li>\n<\/ul>\n","protected":false},"excerpt":{"rendered":"<p>TESTE<\/p>\n<p>TESTE<\/p>\n","protected":false},"featured_media":7049,"template":"","meta":[],"product_cat":[50],"product_tag":[],"class_list":{"0":"post-348","1":"product","2":"type-product","3":"status-publish","4":"has-post-thumbnail","6":"product_cat-copos-e-canecas","8":"first","9":"instock","10":"shipping-taxable","11":"product-type-variable"},"_links":{"self":[{"href":"https:\/\/comexbrindes.com.br\/site\/wp-json\/wp\/v2\/product\/348","targetHints":{"allow":["GET"]}}],"collection":[{"href":"https:\/\/comexbrindes.com.br\/site\/wp-json\/wp\/v2\/product"}],"about":[{"href":"https:\/\/comexbrindes.com.br\/site\/wp-json\/wp\/v2\/types\/product"}],"version-history":[{"count":13,"href":"https:\/\/comexbrindes.com.br\/site\/wp-json\/wp\/v2\/product\/348\/revisions"}],"predecessor-version":[{"id":8444,"href":"https:\/\/comexbrindes.com.br\/site\/wp-json\/wp\/v2\/product\/348\/revisions\/8444"}],"wp:featuredmedia":[{"embeddable":true,"href":"https:\/\/comexbrindes.com.br\/site\/wp-json\/wp\/v2\/media\/7049"}],"wp:attachment":[{"href":"https:\/\/comexbrindes.com.br\/site\/wp-json\/wp\/v2\/media?parent=348"}],"wp:term":[{"taxonomy":"product_cat","embeddable":true,"href":"https:\/\/comexbrindes.com.br\/site\/wp-json\/wp\/v2\/product_cat?post=348"},{"taxonomy":"product_tag","embeddable":true,"href":"https:\/\/comexbrindes.com.br\/site\/wp-json\/wp\/v2\/product_tag?post=348"}],"curies":[{"name":"wp","href":"https:\/\/api.w.org\/{rel}","templated":true}]}}