{"id":3284,"date":"2024-04-23T18:45:52","date_gmt":"2024-04-23T18:45:52","guid":{"rendered":"https:\/\/comexbrindes.com.br\/site\/?post_type=product&#038;p=3284"},"modified":"2026-01-23T14:48:02","modified_gmt":"2026-01-23T14:48:02","slug":"caneta-esfero-kraft-touch-suporte-para-celular-zbx-p80700","status":"publish","type":"product","link":"https:\/\/comexbrindes.com.br\/site\/produto\/caneta-esfero-kraft-touch-suporte-para-celular-zbx-p80700\/","title":{"rendered":"11 CANETA ESFERO KRAFT TOUCH SUPORTE PARA CELULAR &#8211; BX.80700-P"},"content":{"rendered":"<ul>\n<li>Caneta esfero kraft, detalhes pl\u00e1sticos.<\/li>\n<li>Suporte para celular.<\/li>\n<li>Ponteira touch e limpador de tela.<\/li>\n<li><strong>Tamanho:<\/strong> 14,6 x 1,8 cm.<\/li>\n<li><strong>Cores:<\/strong> laranja, azul, verde, prata, preto, vermelho e roxo.<\/li>\n<li><strong>Grava\u00e7\u00e3o:<\/strong> tampografia 1 cor, 1 posi\u00e7\u00e3o.<\/li>\n<\/ul>\n<p>&nbsp;<\/p>\n<p>&nbsp;<\/p>\n","protected":false},"excerpt":{"rendered":"<p>Caneta esfero kraft, detalhes pl\u00e1sticos. Suporte para celular. Ponteira touch e limpador de tela. Tamanho: 14,6 x 1,8 cm. Cores: laranja, azul, verde, prata, preto, vermelho e roxo. Grava\u00e7\u00e3o: tampografia 1 cor, 1 posi\u00e7\u00e3o. &nbsp; &nbsp;<\/p>\n","protected":false},"featured_media":5252,"template":"","meta":[],"product_cat":[69,70],"product_tag":[],"class_list":{"0":"post-3284","1":"product","2":"type-product","3":"status-publish","4":"has-post-thumbnail","6":"product_cat-canetas","7":"product_cat-canetas-ecologicas","9":"first","10":"instock","11":"shipping-taxable","12":"product-type-variable"},"_links":{"self":[{"href":"https:\/\/comexbrindes.com.br\/site\/wp-json\/wp\/v2\/product\/3284","targetHints":{"allow":["GET"]}}],"collection":[{"href":"https:\/\/comexbrindes.com.br\/site\/wp-json\/wp\/v2\/product"}],"about":[{"href":"https:\/\/comexbrindes.com.br\/site\/wp-json\/wp\/v2\/types\/product"}],"version-history":[{"count":8,"href":"https:\/\/comexbrindes.com.br\/site\/wp-json\/wp\/v2\/product\/3284\/revisions"}],"predecessor-version":[{"id":5250,"href":"https:\/\/comexbrindes.com.br\/site\/wp-json\/wp\/v2\/product\/3284\/revisions\/5250"}],"wp:featuredmedia":[{"embeddable":true,"href":"https:\/\/comexbrindes.com.br\/site\/wp-json\/wp\/v2\/media\/5252"}],"wp:attachment":[{"href":"https:\/\/comexbrindes.com.br\/site\/wp-json\/wp\/v2\/media?parent=3284"}],"wp:term":[{"taxonomy":"product_cat","embeddable":true,"href":"https:\/\/comexbrindes.com.br\/site\/wp-json\/wp\/v2\/product_cat?post=3284"},{"taxonomy":"product_tag","embeddable":true,"href":"https:\/\/comexbrindes.com.br\/site\/wp-json\/wp\/v2\/product_tag?post=3284"}],"curies":[{"name":"wp","href":"https:\/\/api.w.org\/{rel}","templated":true}]}}