{"id":3268,"date":"2024-04-23T18:38:44","date_gmt":"2024-04-23T18:38:44","guid":{"rendered":"https:\/\/comexbrindes.com.br\/site\/?post_type=product&#038;p=3268"},"modified":"2026-01-23T14:42:16","modified_gmt":"2026-01-23T14:42:16","slug":"caneta-esfero-bambu-elementos-plasticos-fosco-clip-metal-sp-90018","status":"publish","type":"product","link":"https:\/\/comexbrindes.com.br\/site\/produto\/caneta-esfero-bambu-elementos-plasticos-fosco-clip-metal-sp-90018\/","title":{"rendered":"08 CANETA ESFERO BAMBU ELEMENTOS PL\u00c1STICOS FOSCO CLIP METAL &#8211; SP.90018"},"content":{"rendered":"<ul>\n<li>Caneta esfero bambu, elementos pl\u00e1sticos cinza fosco.<\/li>\n<li>Clip metal.<\/li>\n<li>Escrita em azul.<\/li>\n<li>At\u00e9 1,5 km de escrita.<\/li>\n<li><strong>Tamanho:<\/strong> 13,7 x 1,0 cm.<\/li>\n<li><strong>Grava\u00e7\u00e3o:<\/strong> tampografia 1 cor, 1 posi\u00e7\u00e3o.<\/li>\n<li>A cor e o resultado da impress\u00e3o nos materiais naturais pode variar entre produtos.<\/li>\n<\/ul>\n<p>&nbsp;<\/p>\n<p>&nbsp;<\/p>\n<p>&nbsp;<\/p>\n","protected":false},"excerpt":{"rendered":"<p>Caneta esfero bambu, elementos pl\u00e1sticos cinza fosco. Clip metal. Escrita em azul. At\u00e9 1,5 km de escrita. Tamanho: 13,7 x 1,0 cm. Grava\u00e7\u00e3o: tampografia 1 cor, 1 posi\u00e7\u00e3o. A cor e o resultado da impress\u00e3o nos materiais naturais pode variar entre produtos. &nbsp; &nbsp; &nbsp;<\/p>\n","protected":false},"featured_media":5240,"template":"","meta":[],"product_cat":[69,70],"product_tag":[],"class_list":{"0":"post-3268","1":"product","2":"type-product","3":"status-publish","4":"has-post-thumbnail","6":"product_cat-canetas","7":"product_cat-canetas-ecologicas","9":"first","10":"instock","11":"shipping-taxable","12":"product-type-variable"},"_links":{"self":[{"href":"https:\/\/comexbrindes.com.br\/site\/wp-json\/wp\/v2\/product\/3268","targetHints":{"allow":["GET"]}}],"collection":[{"href":"https:\/\/comexbrindes.com.br\/site\/wp-json\/wp\/v2\/product"}],"about":[{"href":"https:\/\/comexbrindes.com.br\/site\/wp-json\/wp\/v2\/types\/product"}],"version-history":[{"count":7,"href":"https:\/\/comexbrindes.com.br\/site\/wp-json\/wp\/v2\/product\/3268\/revisions"}],"predecessor-version":[{"id":8190,"href":"https:\/\/comexbrindes.com.br\/site\/wp-json\/wp\/v2\/product\/3268\/revisions\/8190"}],"wp:featuredmedia":[{"embeddable":true,"href":"https:\/\/comexbrindes.com.br\/site\/wp-json\/wp\/v2\/media\/5240"}],"wp:attachment":[{"href":"https:\/\/comexbrindes.com.br\/site\/wp-json\/wp\/v2\/media?parent=3268"}],"wp:term":[{"taxonomy":"product_cat","embeddable":true,"href":"https:\/\/comexbrindes.com.br\/site\/wp-json\/wp\/v2\/product_cat?post=3268"},{"taxonomy":"product_tag","embeddable":true,"href":"https:\/\/comexbrindes.com.br\/site\/wp-json\/wp\/v2\/product_tag?post=3268"}],"curies":[{"name":"wp","href":"https:\/\/api.w.org\/{rel}","templated":true}]}}