{"id":3263,"date":"2024-04-23T18:37:38","date_gmt":"2024-04-23T18:37:38","guid":{"rendered":"https:\/\/comexbrindes.com.br\/site\/?post_type=product&#038;p=3263"},"modified":"2024-11-29T18:39:05","modified_gmt":"2024-11-29T18:39:05","slug":"caneta-esfero-bambu-clip-metal-sp-41018","status":"publish","type":"product","link":"https:\/\/comexbrindes.com.br\/site\/produto\/caneta-esfero-bambu-clip-metal-sp-41018\/","title":{"rendered":"04 CANETA ESFERO BAMBU CLIP METAL &#8211; SP.41018"},"content":{"rendered":"<ul>\n<li>Esferogr\u00e1fica em bambu.<\/li>\n<li>Clipe em metal.<\/li>\n<li>Os elementos coloridos em fibra de trigo e ABS.<\/li>\n<li>Escrita em azul.<\/li>\n<li>At\u00e9 1,5 km de escrita.<\/li>\n<li><strong>Cores:<\/strong> preto, vermelho, azul, verde, natural.<\/li>\n<li><strong>Tamanho:<\/strong> 142 x \u00f811 mm.<\/li>\n<li><strong>Grava\u00e7\u00e3o<\/strong>: tampografia 1 cor.<\/li>\n<\/ul>\n<p>&nbsp;<\/p>\n<p>&nbsp;<\/p>\n","protected":false},"excerpt":{"rendered":"<p>Esferogr\u00e1fica em bambu. Clipe em metal. Os elementos coloridos em fibra de trigo e ABS. Escrita em azul. At\u00e9 1,5 km de escrita. Cores: preto, vermelho, azul, verde, natural. Tamanho: 142 x \u00f811 mm. Grava\u00e7\u00e3o: tampografia 1 cor. &nbsp; &nbsp;<\/p>\n","protected":false},"featured_media":5234,"template":"","meta":[],"product_cat":[69,70],"product_tag":[],"class_list":{"0":"post-3263","1":"product","2":"type-product","3":"status-publish","4":"has-post-thumbnail","6":"product_cat-canetas","7":"product_cat-canetas-ecologicas","9":"first","10":"instock","11":"shipping-taxable","12":"product-type-variable"},"_links":{"self":[{"href":"https:\/\/comexbrindes.com.br\/site\/wp-json\/wp\/v2\/product\/3263","targetHints":{"allow":["GET"]}}],"collection":[{"href":"https:\/\/comexbrindes.com.br\/site\/wp-json\/wp\/v2\/product"}],"about":[{"href":"https:\/\/comexbrindes.com.br\/site\/wp-json\/wp\/v2\/types\/product"}],"version-history":[{"count":5,"href":"https:\/\/comexbrindes.com.br\/site\/wp-json\/wp\/v2\/product\/3263\/revisions"}],"predecessor-version":[{"id":5734,"href":"https:\/\/comexbrindes.com.br\/site\/wp-json\/wp\/v2\/product\/3263\/revisions\/5734"}],"wp:featuredmedia":[{"embeddable":true,"href":"https:\/\/comexbrindes.com.br\/site\/wp-json\/wp\/v2\/media\/5234"}],"wp:attachment":[{"href":"https:\/\/comexbrindes.com.br\/site\/wp-json\/wp\/v2\/media?parent=3263"}],"wp:term":[{"taxonomy":"product_cat","embeddable":true,"href":"https:\/\/comexbrindes.com.br\/site\/wp-json\/wp\/v2\/product_cat?post=3263"},{"taxonomy":"product_tag","embeddable":true,"href":"https:\/\/comexbrindes.com.br\/site\/wp-json\/wp\/v2\/product_tag?post=3263"}],"curies":[{"name":"wp","href":"https:\/\/api.w.org\/{rel}","templated":true}]}}