{"id":3259,"date":"2024-04-23T18:36:05","date_gmt":"2024-04-23T18:36:05","guid":{"rendered":"https:\/\/comexbrindes.com.br\/site\/?post_type=product&#038;p=3259"},"modified":"2026-01-23T14:17:45","modified_gmt":"2026-01-23T14:17:45","slug":"caneta-ecologica-zbx-27121","status":"publish","type":"product","link":"https:\/\/comexbrindes.com.br\/site\/produto\/caneta-ecologica-zbx-27121\/","title":{"rendered":"03 CANETA ECOL\u00d3GICA &#8211; BX.27121"},"content":{"rendered":"<ul>\n<li>Caneta esfero bambu, elementos pl\u00e1sticos cores.<\/li>\n<li>Carga esferogr\u00e1fica azul.<\/li>\n<li>Acionamento por clique.<\/li>\n<li><strong>Tamanho:<\/strong> 14,7 x 1,5 cm.<\/li>\n<li><strong>Cores:<\/strong> preto, azul, vermelho, verde, amarelo<\/li>\n<li><strong>Grava\u00e7\u00e3o:<\/strong> tampografia 1 cor, 1 lado.<\/li>\n<\/ul>\n","protected":false},"excerpt":{"rendered":"<p>Caneta esfero bambu, elementos pl\u00e1sticos cores. Carga esferogr\u00e1fica azul. Acionamento por clique. Tamanho: 14,7 x 1,5 cm. Cores: preto, azul, vermelho, verde, amarelo Grava\u00e7\u00e3o: tampografia 1 cor, 1 lado.<\/p>\n","protected":false},"featured_media":5215,"template":"","meta":[],"product_cat":[69,70],"product_tag":[],"class_list":{"0":"post-3259","1":"product","2":"type-product","3":"status-publish","4":"has-post-thumbnail","6":"product_cat-canetas","7":"product_cat-canetas-ecologicas","9":"first","10":"instock","11":"shipping-taxable","12":"product-type-variable"},"_links":{"self":[{"href":"https:\/\/comexbrindes.com.br\/site\/wp-json\/wp\/v2\/product\/3259","targetHints":{"allow":["GET"]}}],"collection":[{"href":"https:\/\/comexbrindes.com.br\/site\/wp-json\/wp\/v2\/product"}],"about":[{"href":"https:\/\/comexbrindes.com.br\/site\/wp-json\/wp\/v2\/types\/product"}],"version-history":[{"count":8,"href":"https:\/\/comexbrindes.com.br\/site\/wp-json\/wp\/v2\/product\/3259\/revisions"}],"predecessor-version":[{"id":8185,"href":"https:\/\/comexbrindes.com.br\/site\/wp-json\/wp\/v2\/product\/3259\/revisions\/8185"}],"wp:featuredmedia":[{"embeddable":true,"href":"https:\/\/comexbrindes.com.br\/site\/wp-json\/wp\/v2\/media\/5215"}],"wp:attachment":[{"href":"https:\/\/comexbrindes.com.br\/site\/wp-json\/wp\/v2\/media?parent=3259"}],"wp:term":[{"taxonomy":"product_cat","embeddable":true,"href":"https:\/\/comexbrindes.com.br\/site\/wp-json\/wp\/v2\/product_cat?post=3259"},{"taxonomy":"product_tag","embeddable":true,"href":"https:\/\/comexbrindes.com.br\/site\/wp-json\/wp\/v2\/product_tag?post=3259"}],"curies":[{"name":"wp","href":"https:\/\/api.w.org\/{rel}","templated":true}]}}