{"id":3255,"date":"2024-04-23T18:34:56","date_gmt":"2024-04-23T18:34:56","guid":{"rendered":"https:\/\/comexbrindes.com.br\/site\/?post_type=product&#038;p=3255"},"modified":"2026-01-23T14:44:33","modified_gmt":"2026-01-23T14:44:33","slug":"caneta-ecologica-papelao-zbx-70000","status":"publish","type":"product","link":"https:\/\/comexbrindes.com.br\/site\/produto\/caneta-ecologica-papelao-zbx-70000\/","title":{"rendered":"09 CANETA ECOL\u00d3GICA PAPEL\u00c3O ELEMENTOS COLORIDOS &#8211; BX.70000"},"content":{"rendered":"<ul>\n<li>Caneta de papel\u00e3o com elementos pl\u00e1sticos coloridos.<\/li>\n<li>carga esferogr\u00e1fica azul.<\/li>\n<li>acionamento por clique.<\/li>\n<li><strong>Tamanho:<\/strong> 13,9 x 1,4 cm.<\/li>\n<li><strong>Cores:<\/strong> azul, preto, branco, amarelo, verde e vermelho<\/li>\n<li><strong>Grava\u00e7\u00e3o<\/strong>: tampografia,1 cor, 1 lado<\/li>\n<\/ul>\n<p>&nbsp;<\/p>\n<p>&nbsp;<\/p>\n<p>&nbsp;<\/p>\n<p>&nbsp;<\/p>\n","protected":false},"excerpt":{"rendered":"<p>Caneta de papel\u00e3o com elementos pl\u00e1sticos coloridos. carga esferogr\u00e1fica azul. acionamento por clique. Tamanho: 13,9 x 1,4 cm. Cores: azul, preto, branco, amarelo, verde e vermelho Grava\u00e7\u00e3o: tampografia,1 cor, 1 lado &nbsp; &nbsp; &nbsp; &nbsp;<\/p>\n","protected":false},"featured_media":5211,"template":"","meta":[],"product_cat":[69,70],"product_tag":[],"class_list":{"0":"post-3255","1":"product","2":"type-product","3":"status-publish","4":"has-post-thumbnail","6":"product_cat-canetas","7":"product_cat-canetas-ecologicas","9":"first","10":"instock","11":"shipping-taxable","12":"product-type-variable"},"_links":{"self":[{"href":"https:\/\/comexbrindes.com.br\/site\/wp-json\/wp\/v2\/product\/3255","targetHints":{"allow":["GET"]}}],"collection":[{"href":"https:\/\/comexbrindes.com.br\/site\/wp-json\/wp\/v2\/product"}],"about":[{"href":"https:\/\/comexbrindes.com.br\/site\/wp-json\/wp\/v2\/types\/product"}],"version-history":[{"count":8,"href":"https:\/\/comexbrindes.com.br\/site\/wp-json\/wp\/v2\/product\/3255\/revisions"}],"predecessor-version":[{"id":8191,"href":"https:\/\/comexbrindes.com.br\/site\/wp-json\/wp\/v2\/product\/3255\/revisions\/8191"}],"wp:featuredmedia":[{"embeddable":true,"href":"https:\/\/comexbrindes.com.br\/site\/wp-json\/wp\/v2\/media\/5211"}],"wp:attachment":[{"href":"https:\/\/comexbrindes.com.br\/site\/wp-json\/wp\/v2\/media?parent=3255"}],"wp:term":[{"taxonomy":"product_cat","embeddable":true,"href":"https:\/\/comexbrindes.com.br\/site\/wp-json\/wp\/v2\/product_cat?post=3255"},{"taxonomy":"product_tag","embeddable":true,"href":"https:\/\/comexbrindes.com.br\/site\/wp-json\/wp\/v2\/product_tag?post=3255"}],"curies":[{"name":"wp","href":"https:\/\/api.w.org\/{rel}","templated":true}]}}