{"id":3247,"date":"2024-04-23T18:29:31","date_gmt":"2024-04-23T18:29:31","guid":{"rendered":"https:\/\/comexbrindes.com.br\/site\/?post_type=product&#038;p=3247"},"modified":"2026-04-28T13:19:08","modified_gmt":"2026-04-28T13:19:08","slug":"mochila-luxo-executiva-de-ombro-nylon-poliester-divisorias-ziper-inox-zbx-96040","status":"publish","type":"product","link":"https:\/\/comexbrindes.com.br\/site\/produto\/mochila-luxo-executiva-de-ombro-nylon-poliester-divisorias-ziper-inox-zbx-96040\/","title":{"rendered":"MOCHILA LUXO EXECUTIVA DE OMBRO &#8211; ZBX.96040"},"content":{"rendered":"<ul>\n<li>Mochila executiva de ombro em poli\u00e9ster preto<\/li>\n<li>Z\u00edper inox<\/li>\n<li>Compartimento para <strong>notebook 15,6&#8243;<\/strong><\/li>\n<li>Bolso frontal com z\u00edper<\/li>\n<li>Al\u00e7a de m\u00e3o em nylon<\/li>\n<li>Al\u00e7as de ombro e costas acolchoada com revestimento antitranspirante<\/li>\n<li>Bolsos laterais telados<\/li>\n<li><strong>Tamanho:<\/strong> 42,5 x 31 x 20 cm<\/li>\n<li><strong>Grava\u00e7\u00e3o<\/strong>\u00a0bordado, 1 posi\u00e7\u00e3o<\/li>\n<\/ul>\n<p>&nbsp;<\/p>\n","protected":false},"excerpt":{"rendered":"<p>Mochila executiva de ombro em poli\u00e9ster preto Z\u00edper inox Compartimento para notebook 15,6&#8243; Bolso frontal com z\u00edper Al\u00e7a de m\u00e3o em nylon Al\u00e7as de ombro e costas acolchoada com revestimento antitranspirante Bolsos laterais telados Tamanho: 42,5 x 31 x 20 cm Grava\u00e7\u00e3o\u00a0bordado, 1 posi\u00e7\u00e3o &nbsp;<\/p>\n","protected":false},"featured_media":7251,"template":"","meta":[],"product_cat":[68],"product_tag":[],"class_list":{"0":"post-3247","1":"product","2":"type-product","3":"status-publish","4":"has-post-thumbnail","6":"product_cat-malas-mochilas","8":"first","9":"instock","10":"shipping-taxable","11":"product-type-variable"},"_links":{"self":[{"href":"https:\/\/comexbrindes.com.br\/site\/wp-json\/wp\/v2\/product\/3247","targetHints":{"allow":["GET"]}}],"collection":[{"href":"https:\/\/comexbrindes.com.br\/site\/wp-json\/wp\/v2\/product"}],"about":[{"href":"https:\/\/comexbrindes.com.br\/site\/wp-json\/wp\/v2\/types\/product"}],"version-history":[{"count":7,"href":"https:\/\/comexbrindes.com.br\/site\/wp-json\/wp\/v2\/product\/3247\/revisions"}],"predecessor-version":[{"id":8733,"href":"https:\/\/comexbrindes.com.br\/site\/wp-json\/wp\/v2\/product\/3247\/revisions\/8733"}],"wp:featuredmedia":[{"embeddable":true,"href":"https:\/\/comexbrindes.com.br\/site\/wp-json\/wp\/v2\/media\/7251"}],"wp:attachment":[{"href":"https:\/\/comexbrindes.com.br\/site\/wp-json\/wp\/v2\/media?parent=3247"}],"wp:term":[{"taxonomy":"product_cat","embeddable":true,"href":"https:\/\/comexbrindes.com.br\/site\/wp-json\/wp\/v2\/product_cat?post=3247"},{"taxonomy":"product_tag","embeddable":true,"href":"https:\/\/comexbrindes.com.br\/site\/wp-json\/wp\/v2\/product_tag?post=3247"}],"curies":[{"name":"wp","href":"https:\/\/api.w.org\/{rel}","templated":true}]}}