{"id":3233,"date":"2024-04-23T18:24:35","date_gmt":"2024-04-23T18:24:35","guid":{"rendered":"https:\/\/comexbrindes.com.br\/site\/?post_type=product&#038;p=3233"},"modified":"2026-01-27T19:04:29","modified_gmt":"2026-01-27T19:04:29","slug":"mochila-de-ombro-executiva-poliester-divisorias-ziper-inox-zbx-36290","status":"publish","type":"product","link":"https:\/\/comexbrindes.com.br\/site\/produto\/mochila-de-ombro-executiva-poliester-divisorias-ziper-inox-zbx-36290\/","title":{"rendered":"13 MOCHILA DE OMBRO EXECUTIVA POLI\u00c9STER &#8211; BX.36290"},"content":{"rendered":"<ul>\n<li>Mochila executiva de ombro em poli\u00e9ster preto, detalhes em nylon.<\/li>\n<li>Z\u00edper inox.<\/li>\n<li>Espa\u00e7o interno amplo, compartimento para <strong>notebook at\u00e9 15.6&#8243;<\/strong>, divis\u00f3rias frontais e bolsos laterais.<\/li>\n<li>Al\u00e7a de m\u00e3o acolchoada, al\u00e7as de ombro refor\u00e7adas. Parte traseira, revestimento anti-transpirante.<\/li>\n<li><strong>Tamanho:<\/strong>\u00a051 x 40 x 21 cm.<\/li>\n<li><strong>Grava\u00e7\u00e3o:<\/strong>\u00a0bordado.<\/li>\n<\/ul>\n<p>&nbsp;<\/p>\n<p>&nbsp;<\/p>\n","protected":false},"excerpt":{"rendered":"<p>Mochila executiva de ombro em poli\u00e9ster preto, detalhes em nylon. Z\u00edper inox. Espa\u00e7o interno amplo, compartimento para notebook at\u00e9 15.6&#8243;, divis\u00f3rias frontais e bolsos laterais. Al\u00e7a de m\u00e3o acolchoada, al\u00e7as de ombro refor\u00e7adas. Parte traseira, revestimento anti-transpirante. Tamanho:\u00a051 x 40 x 21 cm. Grava\u00e7\u00e3o:\u00a0bordado. &nbsp; &nbsp;<\/p>\n","protected":false},"featured_media":5105,"template":"","meta":[],"product_cat":[68],"product_tag":[],"class_list":{"0":"post-3233","1":"product","2":"type-product","3":"status-publish","4":"has-post-thumbnail","6":"product_cat-malas-mochilas","8":"first","9":"instock","10":"shipping-taxable","11":"product-type-variable"},"_links":{"self":[{"href":"https:\/\/comexbrindes.com.br\/site\/wp-json\/wp\/v2\/product\/3233","targetHints":{"allow":["GET"]}}],"collection":[{"href":"https:\/\/comexbrindes.com.br\/site\/wp-json\/wp\/v2\/product"}],"about":[{"href":"https:\/\/comexbrindes.com.br\/site\/wp-json\/wp\/v2\/types\/product"}],"version-history":[{"count":6,"href":"https:\/\/comexbrindes.com.br\/site\/wp-json\/wp\/v2\/product\/3233\/revisions"}],"predecessor-version":[{"id":8314,"href":"https:\/\/comexbrindes.com.br\/site\/wp-json\/wp\/v2\/product\/3233\/revisions\/8314"}],"wp:featuredmedia":[{"embeddable":true,"href":"https:\/\/comexbrindes.com.br\/site\/wp-json\/wp\/v2\/media\/5105"}],"wp:attachment":[{"href":"https:\/\/comexbrindes.com.br\/site\/wp-json\/wp\/v2\/media?parent=3233"}],"wp:term":[{"taxonomy":"product_cat","embeddable":true,"href":"https:\/\/comexbrindes.com.br\/site\/wp-json\/wp\/v2\/product_cat?post=3233"},{"taxonomy":"product_tag","embeddable":true,"href":"https:\/\/comexbrindes.com.br\/site\/wp-json\/wp\/v2\/product_tag?post=3233"}],"curies":[{"name":"wp","href":"https:\/\/api.w.org\/{rel}","templated":true}]}}