{"id":3228,"date":"2024-04-23T18:22:42","date_gmt":"2024-04-23T18:22:42","guid":{"rendered":"https:\/\/comexbrindes.com.br\/site\/?post_type=product&#038;p=3228"},"modified":"2026-04-28T13:15:06","modified_gmt":"2026-04-28T13:15:06","slug":"mochila-de-ombro-poliester-alcas-divisorias-zbx-92030","status":"publish","type":"product","link":"https:\/\/comexbrindes.com.br\/site\/produto\/mochila-de-ombro-poliester-alcas-divisorias-zbx-92030\/","title":{"rendered":"MOCHILA DE OMBRO POLI\u00c9STER &#8211; BX.92030"},"content":{"rendered":"<ul>\n<li>Mochila executiva de ombro nylon<\/li>\n<li>Em poli\u00e9ster preto, compartimento para<strong> notebook 15,6&#8243;<\/strong><\/li>\n<li>Compartimento mediano e bolso frontal com z\u00edper<\/li>\n<li>Al\u00e7a de m\u00e3o, al\u00e7a superior em nylon, al\u00e7as de ombro<\/li>\n<li>Costas acolchoada com revestimento antitranspirante<\/li>\n<li>Bolsos laterais telados<\/li>\n<li><strong>Tamanho:<\/strong> 50,0 x 36 x 23 cm<\/li>\n<li><strong>Grava\u00e7\u00e3o<\/strong>\u00a0bordado<\/li>\n<\/ul>\n<p>&nbsp;<\/p>\n","protected":false},"excerpt":{"rendered":"<p>Mochila executiva de ombro nylon Em poli\u00e9ster preto, compartimento para notebook 15,6&#8243; Compartimento mediano e bolso frontal com z\u00edper Al\u00e7a de m\u00e3o, al\u00e7a superior em nylon, al\u00e7as de ombro Costas acolchoada com revestimento antitranspirante Bolsos laterais telados Tamanho: 50,0 x 36 x 23 cm Grava\u00e7\u00e3o\u00a0bordado &nbsp;<\/p>\n","protected":false},"featured_media":6966,"template":"","meta":[],"product_cat":[68],"product_tag":[],"class_list":{"0":"post-3228","1":"product","2":"type-product","3":"status-publish","4":"has-post-thumbnail","6":"product_cat-malas-mochilas","8":"first","9":"instock","10":"shipping-taxable","11":"product-type-variable"},"_links":{"self":[{"href":"https:\/\/comexbrindes.com.br\/site\/wp-json\/wp\/v2\/product\/3228","targetHints":{"allow":["GET"]}}],"collection":[{"href":"https:\/\/comexbrindes.com.br\/site\/wp-json\/wp\/v2\/product"}],"about":[{"href":"https:\/\/comexbrindes.com.br\/site\/wp-json\/wp\/v2\/types\/product"}],"version-history":[{"count":8,"href":"https:\/\/comexbrindes.com.br\/site\/wp-json\/wp\/v2\/product\/3228\/revisions"}],"predecessor-version":[{"id":8731,"href":"https:\/\/comexbrindes.com.br\/site\/wp-json\/wp\/v2\/product\/3228\/revisions\/8731"}],"wp:featuredmedia":[{"embeddable":true,"href":"https:\/\/comexbrindes.com.br\/site\/wp-json\/wp\/v2\/media\/6966"}],"wp:attachment":[{"href":"https:\/\/comexbrindes.com.br\/site\/wp-json\/wp\/v2\/media?parent=3228"}],"wp:term":[{"taxonomy":"product_cat","embeddable":true,"href":"https:\/\/comexbrindes.com.br\/site\/wp-json\/wp\/v2\/product_cat?post=3228"},{"taxonomy":"product_tag","embeddable":true,"href":"https:\/\/comexbrindes.com.br\/site\/wp-json\/wp\/v2\/product_tag?post=3228"}],"curies":[{"name":"wp","href":"https:\/\/api.w.org\/{rel}","templated":true}]}}