{"id":3224,"date":"2024-04-23T18:13:41","date_gmt":"2024-04-23T18:13:41","guid":{"rendered":"https:\/\/comexbrindes.com.br\/site\/?post_type=product&#038;p=3224"},"modified":"2026-04-28T12:36:02","modified_gmt":"2026-04-28T12:36:02","slug":"mochila-de-ombro-corte-diagonal-poliester-divisorias-ziper-inox-zbx-76020","status":"publish","type":"product","link":"https:\/\/comexbrindes.com.br\/site\/produto\/mochila-de-ombro-corte-diagonal-poliester-divisorias-ziper-inox-zbx-76020\/","title":{"rendered":"14 MOCHILA DE OMBRO, CORTE DIAGONAL, POLI\u00c9STER &#8211; BX.76020"},"content":{"rendered":"<ul>\n<li>Mochila de ombro nylon poli\u00e9ster<\/li>\n<li>Compartimento para <strong>notebook 15,6&#8243;<\/strong>, dois compartimentos m\u00e9dios, bolso pequeno frontal com abertura diagonal e bolsos laterais de rede<\/li>\n<li>Z\u00edper inox<\/li>\n<li>Al\u00e7a de m\u00e3o emborrachada e tira de silicone com cabo de a\u00e7o interno para garantir maior resist\u00eancia<\/li>\n<li>Al\u00e7as e costas revestimento acolchoado<\/li>\n<li><strong>Tamanho:<\/strong> 19 x 39 x 16,5 cm<\/li>\n<li><strong>Grava\u00e7\u00e3o<\/strong>\u00a0bordado<\/li>\n<\/ul>\n<p>&nbsp;<\/p>\n<p>&nbsp;<\/p>\n","protected":false},"excerpt":{"rendered":"<p>Mochila de ombro nylon poli\u00e9ster Compartimento para notebook 15,6&#8243;, dois compartimentos m\u00e9dios, bolso pequeno frontal com abertura diagonal e bolsos laterais de rede Z\u00edper inox Al\u00e7a de m\u00e3o emborrachada e tira de silicone com cabo de a\u00e7o interno para garantir maior resist\u00eancia Al\u00e7as e costas revestimento acolchoado Tamanho: 19 x 39 x 16,5 cm Grava\u00e7\u00e3o\u00a0bordado [&hellip;]<\/p>\n","protected":false},"featured_media":7250,"template":"","meta":[],"product_cat":[68],"product_tag":[],"class_list":{"0":"post-3224","1":"product","2":"type-product","3":"status-publish","4":"has-post-thumbnail","6":"product_cat-malas-mochilas","8":"first","9":"instock","10":"shipping-taxable","11":"product-type-variable"},"_links":{"self":[{"href":"https:\/\/comexbrindes.com.br\/site\/wp-json\/wp\/v2\/product\/3224","targetHints":{"allow":["GET"]}}],"collection":[{"href":"https:\/\/comexbrindes.com.br\/site\/wp-json\/wp\/v2\/product"}],"about":[{"href":"https:\/\/comexbrindes.com.br\/site\/wp-json\/wp\/v2\/types\/product"}],"version-history":[{"count":9,"href":"https:\/\/comexbrindes.com.br\/site\/wp-json\/wp\/v2\/product\/3224\/revisions"}],"predecessor-version":[{"id":8716,"href":"https:\/\/comexbrindes.com.br\/site\/wp-json\/wp\/v2\/product\/3224\/revisions\/8716"}],"wp:featuredmedia":[{"embeddable":true,"href":"https:\/\/comexbrindes.com.br\/site\/wp-json\/wp\/v2\/media\/7250"}],"wp:attachment":[{"href":"https:\/\/comexbrindes.com.br\/site\/wp-json\/wp\/v2\/media?parent=3224"}],"wp:term":[{"taxonomy":"product_cat","embeddable":true,"href":"https:\/\/comexbrindes.com.br\/site\/wp-json\/wp\/v2\/product_cat?post=3224"},{"taxonomy":"product_tag","embeddable":true,"href":"https:\/\/comexbrindes.com.br\/site\/wp-json\/wp\/v2\/product_tag?post=3224"}],"curies":[{"name":"wp","href":"https:\/\/api.w.org\/{rel}","templated":true}]}}