{"id":3219,"date":"2024-04-23T18:11:35","date_gmt":"2024-04-23T18:11:35","guid":{"rendered":"https:\/\/comexbrindes.com.br\/site\/?post_type=product&#038;p=3219"},"modified":"2025-11-10T20:50:56","modified_gmt":"2025-11-10T20:50:56","slug":"mala-de-bordo-com-rodinhas-padrao-aviao-as-056-vm","status":"publish","type":"product","link":"https:\/\/comexbrindes.com.br\/site\/produto\/mala-de-bordo-com-rodinhas-padrao-aviao-as-056-vm\/","title":{"rendered":"06 MALA DE BORDO &#8211; AS.056.VM"},"content":{"rendered":"<ul>\n<li>Mala de bordo em pl\u00e1stico ABS<\/li>\n<li>Abertura frontal com z\u00edper para acesso ao interior da mala<\/li>\n<li>Sistema de carrinho de a\u00e7o, al\u00e7a de m\u00e3o na lateral e na parte superior<\/li>\n<li>Quatro rodas de 360 graus<\/li>\n<li>Cores preto, azul escuro e branco<\/li>\n<li><strong>Tamanho:<\/strong> 55 x 37 x 23 cm<\/li>\n<li><strong>Grava\u00e7\u00e3o:<\/strong> laser na placa metal<\/li>\n<\/ul>\n","protected":false},"excerpt":{"rendered":"<p>Mala de bordo em pl\u00e1stico ABS Abertura frontal com z\u00edper para acesso ao interior da mala Sistema de carrinho de a\u00e7o, al\u00e7a de m\u00e3o na lateral e na parte superior Quatro rodas de 360 graus Cores preto, azul escuro e branco Tamanho: 55 x 37 x 23 cm Grava\u00e7\u00e3o: laser na placa metal<\/p>\n","protected":false},"featured_media":5080,"template":"","meta":[],"product_cat":[68],"product_tag":[],"class_list":{"0":"post-3219","1":"product","2":"type-product","3":"status-publish","4":"has-post-thumbnail","6":"product_cat-malas-mochilas","8":"first","9":"instock","10":"shipping-taxable","11":"product-type-variable"},"_links":{"self":[{"href":"https:\/\/comexbrindes.com.br\/site\/wp-json\/wp\/v2\/product\/3219","targetHints":{"allow":["GET"]}}],"collection":[{"href":"https:\/\/comexbrindes.com.br\/site\/wp-json\/wp\/v2\/product"}],"about":[{"href":"https:\/\/comexbrindes.com.br\/site\/wp-json\/wp\/v2\/types\/product"}],"version-history":[{"count":7,"href":"https:\/\/comexbrindes.com.br\/site\/wp-json\/wp\/v2\/product\/3219\/revisions"}],"predecessor-version":[{"id":8079,"href":"https:\/\/comexbrindes.com.br\/site\/wp-json\/wp\/v2\/product\/3219\/revisions\/8079"}],"wp:featuredmedia":[{"embeddable":true,"href":"https:\/\/comexbrindes.com.br\/site\/wp-json\/wp\/v2\/media\/5080"}],"wp:attachment":[{"href":"https:\/\/comexbrindes.com.br\/site\/wp-json\/wp\/v2\/media?parent=3219"}],"wp:term":[{"taxonomy":"product_cat","embeddable":true,"href":"https:\/\/comexbrindes.com.br\/site\/wp-json\/wp\/v2\/product_cat?post=3219"},{"taxonomy":"product_tag","embeddable":true,"href":"https:\/\/comexbrindes.com.br\/site\/wp-json\/wp\/v2\/product_tag?post=3219"}],"curies":[{"name":"wp","href":"https:\/\/api.w.org\/{rel}","templated":true}]}}