{"id":3211,"date":"2024-04-23T18:10:09","date_gmt":"2024-04-23T18:10:09","guid":{"rendered":"https:\/\/comexbrindes.com.br\/site\/?post_type=product&#038;p=3211"},"modified":"2026-01-27T20:03:06","modified_gmt":"2026-01-27T20:03:06","slug":"mala-de-viagem-rodas-360-cadeado-e-senha-as-085-vm","status":"publish","type":"product","link":"https:\/\/comexbrindes.com.br\/site\/produto\/mala-de-viagem-rodas-360-cadeado-e-senha-as-085-vm\/","title":{"rendered":"12 MALA DE VIAGEM &#8211; AS.085.VM"},"content":{"rendered":"<ul>\n<li>Mala de viagem avi\u00e3o em pl\u00e1stico PP.<\/li>\n<li>Abertura frontal com z\u00edper, compartimentos internos.<\/li>\n<li>Cadeado num\u00e9rico.<\/li>\n<li>Sa\u00edda USB.<\/li>\n<li>Al\u00e7a de m\u00e3os, puxador retr\u00e1til com regulagem de tamanho<\/li>\n<li>Rodinhas giro de 360\u00ba.<\/li>\n<li><strong>Tamanho:<\/strong> 49 x 37 x 21 cm (s\/rodas) &#8211; 54 x 37 x 21 cm (c\/rodas e al\u00e7a).<\/li>\n<li><strong>Grava\u00e7\u00e3o:<\/strong> laser na plaquinha.<\/li>\n<\/ul>\n<p>&nbsp;<\/p>\n<p>&nbsp;<\/p>\n","protected":false},"excerpt":{"rendered":"<p>Mala de viagem avi\u00e3o em pl\u00e1stico PP. Abertura frontal com z\u00edper, compartimentos internos. Cadeado num\u00e9rico. Sa\u00edda USB. Al\u00e7a de m\u00e3os, puxador retr\u00e1til com regulagem de tamanho Rodinhas giro de 360\u00ba. Tamanho: 49 x 37 x 21 cm (s\/rodas) &#8211; 54 x 37 x 21 cm (c\/rodas e al\u00e7a). Grava\u00e7\u00e3o: laser na plaquinha. &nbsp; &nbsp;<\/p>\n","protected":false},"featured_media":5066,"template":"","meta":[],"product_cat":[68],"product_tag":[],"class_list":{"0":"post-3211","1":"product","2":"type-product","3":"status-publish","4":"has-post-thumbnail","6":"product_cat-malas-mochilas","8":"first","9":"instock","10":"shipping-taxable","11":"product-type-variable"},"_links":{"self":[{"href":"https:\/\/comexbrindes.com.br\/site\/wp-json\/wp\/v2\/product\/3211","targetHints":{"allow":["GET"]}}],"collection":[{"href":"https:\/\/comexbrindes.com.br\/site\/wp-json\/wp\/v2\/product"}],"about":[{"href":"https:\/\/comexbrindes.com.br\/site\/wp-json\/wp\/v2\/types\/product"}],"version-history":[{"count":7,"href":"https:\/\/comexbrindes.com.br\/site\/wp-json\/wp\/v2\/product\/3211\/revisions"}],"predecessor-version":[{"id":8326,"href":"https:\/\/comexbrindes.com.br\/site\/wp-json\/wp\/v2\/product\/3211\/revisions\/8326"}],"wp:featuredmedia":[{"embeddable":true,"href":"https:\/\/comexbrindes.com.br\/site\/wp-json\/wp\/v2\/media\/5066"}],"wp:attachment":[{"href":"https:\/\/comexbrindes.com.br\/site\/wp-json\/wp\/v2\/media?parent=3211"}],"wp:term":[{"taxonomy":"product_cat","embeddable":true,"href":"https:\/\/comexbrindes.com.br\/site\/wp-json\/wp\/v2\/product_cat?post=3211"},{"taxonomy":"product_tag","embeddable":true,"href":"https:\/\/comexbrindes.com.br\/site\/wp-json\/wp\/v2\/product_tag?post=3211"}],"curies":[{"name":"wp","href":"https:\/\/api.w.org\/{rel}","templated":true}]}}