{"id":3189,"date":"2024-04-23T18:00:30","date_gmt":"2024-04-23T18:00:30","guid":{"rendered":"https:\/\/comexbrindes.com.br\/site\/?post_type=product&#038;p=3189"},"modified":"2025-01-17T20:56:34","modified_gmt":"2025-01-17T20:56:34","slug":"mala-de-viagem-aviao-rodas-360o-cadeado-e-senha-as-055-vm-4-jpg","status":"publish","type":"product","link":"https:\/\/comexbrindes.com.br\/site\/produto\/mala-de-viagem-aviao-rodas-360o-cadeado-e-senha-as-055-vm-4-jpg\/","title":{"rendered":"09 MALA DE VIAGEM AVI\u00c3O, RODAS 360\u00ba &#8211; AS.055.VM"},"content":{"rendered":"<ul>\n<li>Mala de viagem avi\u00e3o, em pl\u00e1stico PP.<\/li>\n<li>Abertura frontal com z\u00edper, forro poli\u00e9ster.<\/li>\n<li>Cadeado tipo TSA, sa\u00edda USB.<\/li>\n<li>Al\u00e7a de m\u00e3os, puxador retr\u00e1til com regulagem de tamanho.<\/li>\n<li>Rodinhas giro de 360\u00ba.<\/li>\n<li><strong>Tamanho:<\/strong> 48 x 22 x 35 cm (s\/rodas) &#8211; 57 x 38 x 21 cm (c\/rodas e al\u00e7a).<\/li>\n<li><strong>Grava\u00e7\u00e3o:<\/strong> laser na plaquinha.<\/li>\n<\/ul>\n<p>&nbsp;<\/p>\n<p>&nbsp;<\/p>\n<p>&nbsp;<\/p>\n","protected":false},"excerpt":{"rendered":"<p>Mala de viagem avi\u00e3o, em pl\u00e1stico PP. Abertura frontal com z\u00edper, forro poli\u00e9ster. Cadeado tipo TSA, sa\u00edda USB. Al\u00e7a de m\u00e3os, puxador retr\u00e1til com regulagem de tamanho. Rodinhas giro de 360\u00ba. Tamanho: 48 x 22 x 35 cm (s\/rodas) &#8211; 57 x 38 x 21 cm (c\/rodas e al\u00e7a). Grava\u00e7\u00e3o: laser na plaquinha. &nbsp; &nbsp; [&hellip;]<\/p>\n","protected":false},"featured_media":6683,"template":"","meta":[],"product_cat":[68],"product_tag":[],"class_list":{"0":"post-3189","1":"product","2":"type-product","3":"status-publish","4":"has-post-thumbnail","6":"product_cat-malas-mochilas","8":"first","9":"instock","10":"shipping-taxable","11":"product-type-variable"},"_links":{"self":[{"href":"https:\/\/comexbrindes.com.br\/site\/wp-json\/wp\/v2\/product\/3189","targetHints":{"allow":["GET"]}}],"collection":[{"href":"https:\/\/comexbrindes.com.br\/site\/wp-json\/wp\/v2\/product"}],"about":[{"href":"https:\/\/comexbrindes.com.br\/site\/wp-json\/wp\/v2\/types\/product"}],"version-history":[{"count":5,"href":"https:\/\/comexbrindes.com.br\/site\/wp-json\/wp\/v2\/product\/3189\/revisions"}],"predecessor-version":[{"id":6688,"href":"https:\/\/comexbrindes.com.br\/site\/wp-json\/wp\/v2\/product\/3189\/revisions\/6688"}],"wp:featuredmedia":[{"embeddable":true,"href":"https:\/\/comexbrindes.com.br\/site\/wp-json\/wp\/v2\/media\/6683"}],"wp:attachment":[{"href":"https:\/\/comexbrindes.com.br\/site\/wp-json\/wp\/v2\/media?parent=3189"}],"wp:term":[{"taxonomy":"product_cat","embeddable":true,"href":"https:\/\/comexbrindes.com.br\/site\/wp-json\/wp\/v2\/product_cat?post=3189"},{"taxonomy":"product_tag","embeddable":true,"href":"https:\/\/comexbrindes.com.br\/site\/wp-json\/wp\/v2\/product_tag?post=3189"}],"curies":[{"name":"wp","href":"https:\/\/api.w.org\/{rel}","templated":true}]}}