{"id":3183,"date":"2024-04-23T17:58:48","date_gmt":"2024-04-23T17:58:48","guid":{"rendered":"https:\/\/comexbrindes.com.br\/site\/?post_type=product&#038;p=3183"},"modified":"2025-11-10T20:16:59","modified_gmt":"2025-11-10T20:16:59","slug":"mala-de-viagem-aviao-luxo-alca-retratil-divisorias-rodas-360-cadeado-e-senha-as-059-vm","status":"publish","type":"product","link":"https:\/\/comexbrindes.com.br\/site\/produto\/mala-de-viagem-aviao-luxo-alca-retratil-divisorias-rodas-360-cadeado-e-senha-as-059-vm\/","title":{"rendered":"02 MALA DE VIAGEM LUXO, AL\u00c7A RETR\u00c1TIL &#8211; AS.059.VM"},"content":{"rendered":"<ul>\n<li>Mala de viagem avi\u00e3o, luxo, policarbonato prata, elementos em preto<\/li>\n<li>Abertura frontal com z\u00edper, sistema de carrinho de a\u00e7o<\/li>\n<li>Al\u00e7a de m\u00e3o na lateral e na parte superior<\/li>\n<li>Rodas 360\u00b0<\/li>\n<li>Cadeado tipo TSA<\/li>\n<li>Sa\u00edda USB<\/li>\n<li>Expansor pr\u00e1tico aumentado o espa\u00e7o interno<\/li>\n<li><strong>Tamanho:<\/strong> 59 x 37 x 21 cm<\/li>\n<li><strong>Grava\u00e7\u00e3o:<\/strong> laser na placa metal<\/li>\n<\/ul>\n<p>&nbsp;<\/p>\n","protected":false},"excerpt":{"rendered":"<p>Mala de viagem avi\u00e3o, luxo, policarbonato prata, elementos em preto Abertura frontal com z\u00edper, sistema de carrinho de a\u00e7o Al\u00e7a de m\u00e3o na lateral e na parte superior Rodas 360\u00b0 Cadeado tipo TSA Sa\u00edda USB Expansor pr\u00e1tico aumentado o espa\u00e7o interno Tamanho: 59 x 37 x 21 cm Grava\u00e7\u00e3o: laser na placa metal &nbsp;<\/p>\n","protected":false},"featured_media":5129,"template":"","meta":[],"product_cat":[68],"product_tag":[],"class_list":{"0":"post-3183","1":"product","2":"type-product","3":"status-publish","4":"has-post-thumbnail","6":"product_cat-malas-mochilas","8":"first","9":"instock","10":"shipping-taxable","11":"product-type-variable"},"_links":{"self":[{"href":"https:\/\/comexbrindes.com.br\/site\/wp-json\/wp\/v2\/product\/3183","targetHints":{"allow":["GET"]}}],"collection":[{"href":"https:\/\/comexbrindes.com.br\/site\/wp-json\/wp\/v2\/product"}],"about":[{"href":"https:\/\/comexbrindes.com.br\/site\/wp-json\/wp\/v2\/types\/product"}],"version-history":[{"count":5,"href":"https:\/\/comexbrindes.com.br\/site\/wp-json\/wp\/v2\/product\/3183\/revisions"}],"predecessor-version":[{"id":8075,"href":"https:\/\/comexbrindes.com.br\/site\/wp-json\/wp\/v2\/product\/3183\/revisions\/8075"}],"wp:featuredmedia":[{"embeddable":true,"href":"https:\/\/comexbrindes.com.br\/site\/wp-json\/wp\/v2\/media\/5129"}],"wp:attachment":[{"href":"https:\/\/comexbrindes.com.br\/site\/wp-json\/wp\/v2\/media?parent=3183"}],"wp:term":[{"taxonomy":"product_cat","embeddable":true,"href":"https:\/\/comexbrindes.com.br\/site\/wp-json\/wp\/v2\/product_cat?post=3183"},{"taxonomy":"product_tag","embeddable":true,"href":"https:\/\/comexbrindes.com.br\/site\/wp-json\/wp\/v2\/product_tag?post=3183"}],"curies":[{"name":"wp","href":"https:\/\/api.w.org\/{rel}","templated":true}]}}