{"id":3172,"date":"2024-04-23T17:55:36","date_gmt":"2024-04-23T17:55:36","guid":{"rendered":"https:\/\/comexbrindes.com.br\/site\/?post_type=product&#038;p=3172"},"modified":"2026-01-27T19:24:17","modified_gmt":"2026-01-27T19:24:17","slug":"mala-de-viagem-pequena-abs-alca-retratil-divisorias-rodas-360-cadeado-e-senha-as-006-vm","status":"publish","type":"product","link":"https:\/\/comexbrindes.com.br\/site\/produto\/mala-de-viagem-pequena-abs-alca-retratil-divisorias-rodas-360-cadeado-e-senha-as-006-vm\/","title":{"rendered":"10 MALA DE VIAGEM PEQUENA, ABS &#8211; AS.006.VM"},"content":{"rendered":"<ul>\n<li>Mala de viagem com rodinhas, giro de 360\u00ba.<\/li>\n<li>Material: ABS (Estireno de acrilonitrilo e butadieno), forro poli\u00e9ster.<\/li>\n<li>Sistema de carrinho de a\u00e7o, al\u00e7a de m\u00e3o na lateral.<\/li>\n<li>Na parte superior, z\u00edper principal com cadeado e senha.<\/li>\n<li>Cores: preto, cinza e azul.<\/li>\n<li><strong>Tamanho:<\/strong> 48 x 22 x 35 cm (s\/rodas) &#8211; 55 x 22 x 35 cm (c\/rodas e al\u00e7a).<\/li>\n<li><strong>Grava\u00e7\u00e3o:<\/strong> laser na placa metal.<\/li>\n<\/ul>\n<p>&nbsp;<\/p>\n<p>&nbsp;<\/p>\n<p>&nbsp;<\/p>\n","protected":false},"excerpt":{"rendered":"<p>Mala de viagem com rodinhas, giro de 360\u00ba. Material: ABS (Estireno de acrilonitrilo e butadieno), forro poli\u00e9ster. Sistema de carrinho de a\u00e7o, al\u00e7a de m\u00e3o na lateral. Na parte superior, z\u00edper principal com cadeado e senha. Cores: preto, cinza e azul. Tamanho: 48 x 22 x 35 cm (s\/rodas) &#8211; 55 x 22 x 35 [&hellip;]<\/p>\n","protected":false},"featured_media":5056,"template":"","meta":[],"product_cat":[68],"product_tag":[],"class_list":{"0":"post-3172","1":"product","2":"type-product","3":"status-publish","4":"has-post-thumbnail","6":"product_cat-malas-mochilas","8":"first","9":"instock","10":"shipping-taxable","11":"product-type-variable"},"_links":{"self":[{"href":"https:\/\/comexbrindes.com.br\/site\/wp-json\/wp\/v2\/product\/3172","targetHints":{"allow":["GET"]}}],"collection":[{"href":"https:\/\/comexbrindes.com.br\/site\/wp-json\/wp\/v2\/product"}],"about":[{"href":"https:\/\/comexbrindes.com.br\/site\/wp-json\/wp\/v2\/types\/product"}],"version-history":[{"count":8,"href":"https:\/\/comexbrindes.com.br\/site\/wp-json\/wp\/v2\/product\/3172\/revisions"}],"predecessor-version":[{"id":8321,"href":"https:\/\/comexbrindes.com.br\/site\/wp-json\/wp\/v2\/product\/3172\/revisions\/8321"}],"wp:featuredmedia":[{"embeddable":true,"href":"https:\/\/comexbrindes.com.br\/site\/wp-json\/wp\/v2\/media\/5056"}],"wp:attachment":[{"href":"https:\/\/comexbrindes.com.br\/site\/wp-json\/wp\/v2\/media?parent=3172"}],"wp:term":[{"taxonomy":"product_cat","embeddable":true,"href":"https:\/\/comexbrindes.com.br\/site\/wp-json\/wp\/v2\/product_cat?post=3172"},{"taxonomy":"product_tag","embeddable":true,"href":"https:\/\/comexbrindes.com.br\/site\/wp-json\/wp\/v2\/product_tag?post=3172"}],"curies":[{"name":"wp","href":"https:\/\/api.w.org\/{rel}","templated":true}]}}