{"id":3163,"date":"2024-04-23T12:48:51","date_gmt":"2024-04-23T12:48:51","guid":{"rendered":"https:\/\/comexbrindes.com.br\/site\/?post_type=product&#038;p=3163"},"modified":"2026-01-27T19:55:12","modified_gmt":"2026-01-27T19:55:12","slug":"mala-de-viagem-abs-alca-retratil-divisorias-roda-360-cadeado-e-senha-as-007-vm","status":"publish","type":"product","link":"https:\/\/comexbrindes.com.br\/site\/produto\/mala-de-viagem-abs-alca-retratil-divisorias-roda-360-cadeado-e-senha-as-007-vm\/","title":{"rendered":"07 MALA DE VIAGEM, ABS, AL\u00c7A RETR\u00c1TIL &#8211; AS.007.VM"},"content":{"rendered":"<ul>\n<li>Mala de vagem com rodinhas, giro de 360\u00ba .<\/li>\n<li>Compartimento externo com tr\u00eas bolsos, abertura com z\u00edper para acesso ao interior da mala.<\/li>\n<li>Al\u00e7a de m\u00e3o na lateral e na parte superior, al\u00e7a retr\u00e1til em metal e pl\u00e1stico.<\/li>\n<li>Z\u00edper principal com cadeado e senha.<\/li>\n<li>Divis\u00f3rias internas.<\/li>\n<li>Material ABS.<\/li>\n<li><strong>Cor<\/strong> preto.<\/li>\n<li><strong>Tamanho:<\/strong> 55 x 35 x 25 cm.<\/li>\n<li><strong>Grava\u00e7\u00e3o:<\/strong> laser na placa metal.<\/li>\n<\/ul>\n<p>&nbsp;<\/p>\n<p>&nbsp;<\/p>\n<p>&nbsp;<\/p>\n","protected":false},"excerpt":{"rendered":"<p>Mala de vagem com rodinhas, giro de 360\u00ba . Compartimento externo com tr\u00eas bolsos, abertura com z\u00edper para acesso ao interior da mala. Al\u00e7a de m\u00e3o na lateral e na parte superior, al\u00e7a retr\u00e1til em metal e pl\u00e1stico. Z\u00edper principal com cadeado e senha. Divis\u00f3rias internas. Material ABS. Cor preto. Tamanho: 55 x 35 x [&hellip;]<\/p>\n","protected":false},"featured_media":5128,"template":"","meta":[],"product_cat":[68],"product_tag":[],"class_list":{"0":"post-3163","1":"product","2":"type-product","3":"status-publish","4":"has-post-thumbnail","6":"product_cat-malas-mochilas","8":"first","9":"instock","10":"shipping-taxable","11":"product-type-variable"},"_links":{"self":[{"href":"https:\/\/comexbrindes.com.br\/site\/wp-json\/wp\/v2\/product\/3163","targetHints":{"allow":["GET"]}}],"collection":[{"href":"https:\/\/comexbrindes.com.br\/site\/wp-json\/wp\/v2\/product"}],"about":[{"href":"https:\/\/comexbrindes.com.br\/site\/wp-json\/wp\/v2\/types\/product"}],"version-history":[{"count":6,"href":"https:\/\/comexbrindes.com.br\/site\/wp-json\/wp\/v2\/product\/3163\/revisions"}],"predecessor-version":[{"id":8323,"href":"https:\/\/comexbrindes.com.br\/site\/wp-json\/wp\/v2\/product\/3163\/revisions\/8323"}],"wp:featuredmedia":[{"embeddable":true,"href":"https:\/\/comexbrindes.com.br\/site\/wp-json\/wp\/v2\/media\/5128"}],"wp:attachment":[{"href":"https:\/\/comexbrindes.com.br\/site\/wp-json\/wp\/v2\/media?parent=3163"}],"wp:term":[{"taxonomy":"product_cat","embeddable":true,"href":"https:\/\/comexbrindes.com.br\/site\/wp-json\/wp\/v2\/product_cat?post=3163"},{"taxonomy":"product_tag","embeddable":true,"href":"https:\/\/comexbrindes.com.br\/site\/wp-json\/wp\/v2\/product_tag?post=3163"}],"curies":[{"name":"wp","href":"https:\/\/api.w.org\/{rel}","templated":true}]}}