{"id":2982,"date":"2024-04-19T17:55:14","date_gmt":"2024-04-19T17:55:14","guid":{"rendered":"https:\/\/comexbrindes.com.br\/site\/?post_type=product&#038;p=2982"},"modified":"2026-01-27T13:21:57","modified_gmt":"2026-01-27T13:21:57","slug":"garrafa-termica-inox-1l-alca-tampa-zbx-09020","status":"publish","type":"product","link":"https:\/\/comexbrindes.com.br\/site\/produto\/garrafa-termica-inox-1l-alca-tampa-zbx-09020\/","title":{"rendered":"05 GARRAFA T\u00c9RMICA INOX, 1L, TAMPA &#8211; BX.09020 i"},"content":{"rendered":"<ul>\n<li>Garrafa t\u00e9rmica inox<\/li>\n<li>1L<\/li>\n<li>Al\u00e7a pl\u00e1stica preta<\/li>\n<li>Tampa rosque\u00e1vel<\/li>\n<li><strong>Tamanho:<\/strong> 30,0 x 10,9 cm<\/li>\n<li><strong>Grava\u00e7\u00e3o:<\/strong> laser em um lado<\/li>\n<li>Embalagem papel\u00e3o unit\u00e1rio<\/li>\n<\/ul>\n","protected":false},"excerpt":{"rendered":"<p>Garrafa t\u00e9rmica inox 1L Al\u00e7a pl\u00e1stica preta Tampa rosque\u00e1vel Tamanho: 30,0 x 10,9 cm Grava\u00e7\u00e3o: laser em um lado Embalagem papel\u00e3o unit\u00e1rio<\/p>\n","protected":false},"featured_media":7948,"template":"","meta":[],"product_cat":[65,77],"product_tag":[],"class_list":{"0":"post-2982","1":"product","2":"type-product","3":"status-publish","4":"has-post-thumbnail","6":"product_cat-garrafas-termicas","7":"product_cat-squeezes-garrafas","9":"first","10":"instock","11":"shipping-taxable","12":"product-type-variable"},"_links":{"self":[{"href":"https:\/\/comexbrindes.com.br\/site\/wp-json\/wp\/v2\/product\/2982","targetHints":{"allow":["GET"]}}],"collection":[{"href":"https:\/\/comexbrindes.com.br\/site\/wp-json\/wp\/v2\/product"}],"about":[{"href":"https:\/\/comexbrindes.com.br\/site\/wp-json\/wp\/v2\/types\/product"}],"version-history":[{"count":8,"href":"https:\/\/comexbrindes.com.br\/site\/wp-json\/wp\/v2\/product\/2982\/revisions"}],"predecessor-version":[{"id":8298,"href":"https:\/\/comexbrindes.com.br\/site\/wp-json\/wp\/v2\/product\/2982\/revisions\/8298"}],"wp:featuredmedia":[{"embeddable":true,"href":"https:\/\/comexbrindes.com.br\/site\/wp-json\/wp\/v2\/media\/7948"}],"wp:attachment":[{"href":"https:\/\/comexbrindes.com.br\/site\/wp-json\/wp\/v2\/media?parent=2982"}],"wp:term":[{"taxonomy":"product_cat","embeddable":true,"href":"https:\/\/comexbrindes.com.br\/site\/wp-json\/wp\/v2\/product_cat?post=2982"},{"taxonomy":"product_tag","embeddable":true,"href":"https:\/\/comexbrindes.com.br\/site\/wp-json\/wp\/v2\/product_tag?post=2982"}],"curies":[{"name":"wp","href":"https:\/\/api.w.org\/{rel}","templated":true}]}}