{"id":2978,"date":"2024-04-19T17:53:51","date_gmt":"2024-04-19T17:53:51","guid":{"rendered":"https:\/\/comexbrindes.com.br\/site\/?post_type=product&#038;p=2978"},"modified":"2026-01-27T13:18:03","modified_gmt":"2026-01-27T13:18:03","slug":"garrafa-termica-inox-1l-parede-dupla-zbx-01981","status":"publish","type":"product","link":"https:\/\/comexbrindes.com.br\/site\/produto\/garrafa-termica-inox-1l-parede-dupla-zbx-01981\/","title":{"rendered":"03 GARRAFA T\u00c9RMICA, INOX, 1L &#8211; BX.01981"},"content":{"rendered":"<ul>\n<li>Garrafa t\u00e9rmica inox.<\/li>\n<li>1L.<\/li>\n<li>Parede dupla.<\/li>\n<li>Al\u00e7a pl\u00e1stica para transporte.<\/li>\n<li><strong>Tamanho:<\/strong> 35,7 x 10,6 cm.<\/li>\n<li><strong>Cores:<\/strong> prata e preto.<\/li>\n<li><strong>Grava\u00e7\u00e3o:<\/strong> laser em um lado.<\/li>\n<\/ul>\n<p>&nbsp;<\/p>\n","protected":false},"excerpt":{"rendered":"<p>Garrafa t\u00e9rmica inox. 1L. Parede dupla. Al\u00e7a pl\u00e1stica para transporte. Tamanho: 35,7 x 10,6 cm. Cores: prata e preto. Grava\u00e7\u00e3o: laser em um lado. &nbsp;<\/p>\n","protected":false},"featured_media":7809,"template":"","meta":[],"product_cat":[65,77],"product_tag":[],"class_list":{"0":"post-2978","1":"product","2":"type-product","3":"status-publish","4":"has-post-thumbnail","6":"product_cat-garrafas-termicas","7":"product_cat-squeezes-garrafas","9":"first","10":"instock","11":"shipping-taxable","12":"product-type-variable"},"_links":{"self":[{"href":"https:\/\/comexbrindes.com.br\/site\/wp-json\/wp\/v2\/product\/2978","targetHints":{"allow":["GET"]}}],"collection":[{"href":"https:\/\/comexbrindes.com.br\/site\/wp-json\/wp\/v2\/product"}],"about":[{"href":"https:\/\/comexbrindes.com.br\/site\/wp-json\/wp\/v2\/types\/product"}],"version-history":[{"count":6,"href":"https:\/\/comexbrindes.com.br\/site\/wp-json\/wp\/v2\/product\/2978\/revisions"}],"predecessor-version":[{"id":8297,"href":"https:\/\/comexbrindes.com.br\/site\/wp-json\/wp\/v2\/product\/2978\/revisions\/8297"}],"wp:featuredmedia":[{"embeddable":true,"href":"https:\/\/comexbrindes.com.br\/site\/wp-json\/wp\/v2\/media\/7809"}],"wp:attachment":[{"href":"https:\/\/comexbrindes.com.br\/site\/wp-json\/wp\/v2\/media?parent=2978"}],"wp:term":[{"taxonomy":"product_cat","embeddable":true,"href":"https:\/\/comexbrindes.com.br\/site\/wp-json\/wp\/v2\/product_cat?post=2978"},{"taxonomy":"product_tag","embeddable":true,"href":"https:\/\/comexbrindes.com.br\/site\/wp-json\/wp\/v2\/product_tag?post=2978"}],"curies":[{"name":"wp","href":"https:\/\/api.w.org\/{rel}","templated":true}]}}