{"id":2968,"date":"2024-04-19T17:50:49","date_gmt":"2024-04-19T17:50:49","guid":{"rendered":"https:\/\/comexbrindes.com.br\/site\/?post_type=product&#038;p=2968"},"modified":"2026-01-27T20:41:34","modified_gmt":"2026-01-27T20:41:34","slug":"garrafa-termica-inox-14-litros-pintura-texturizada-alca-tampa-zbx-77681","status":"publish","type":"product","link":"https:\/\/comexbrindes.com.br\/site\/produto\/garrafa-termica-inox-14-litros-pintura-texturizada-alca-tampa-zbx-77681\/","title":{"rendered":"06 GARRAFA T\u00c9RMICA INOX 1,4 L &#8211; BX.77681"},"content":{"rendered":"<ul>\n<li>Garrafa t\u00e9rmica inox<\/li>\n<li>1,4L<\/li>\n<li>Livre de BPA<\/li>\n<li>Pintura texturizada nas <strong>cores<\/strong> preto, verde e azul<\/li>\n<li>Al\u00e7a pl\u00e1stica<\/li>\n<li>Tampa rosque\u00e1vel<\/li>\n<li><strong>Tamanho:<\/strong> 36,2 x 12 cm<\/li>\n<li><strong>Grava\u00e7\u00e3o:<\/strong> laser em um lado<\/li>\n<li>Embalagem papel\u00e3o unit\u00e1rio<\/li>\n<\/ul>\n","protected":false},"excerpt":{"rendered":"<p>Garrafa t\u00e9rmica inox 1,4L Livre de BPA Pintura texturizada nas cores preto, verde e azul Al\u00e7a pl\u00e1stica Tampa rosque\u00e1vel Tamanho: 36,2 x 12 cm Grava\u00e7\u00e3o: laser em um lado Embalagem papel\u00e3o unit\u00e1rio<\/p>\n","protected":false},"featured_media":7938,"template":"","meta":[],"product_cat":[77],"product_tag":[],"class_list":{"0":"post-2968","1":"product","2":"type-product","3":"status-publish","4":"has-post-thumbnail","6":"product_cat-squeezes-garrafas","8":"first","9":"instock","10":"shipping-taxable","11":"product-type-variable"},"_links":{"self":[{"href":"https:\/\/comexbrindes.com.br\/site\/wp-json\/wp\/v2\/product\/2968","targetHints":{"allow":["GET"]}}],"collection":[{"href":"https:\/\/comexbrindes.com.br\/site\/wp-json\/wp\/v2\/product"}],"about":[{"href":"https:\/\/comexbrindes.com.br\/site\/wp-json\/wp\/v2\/types\/product"}],"version-history":[{"count":9,"href":"https:\/\/comexbrindes.com.br\/site\/wp-json\/wp\/v2\/product\/2968\/revisions"}],"predecessor-version":[{"id":8341,"href":"https:\/\/comexbrindes.com.br\/site\/wp-json\/wp\/v2\/product\/2968\/revisions\/8341"}],"wp:featuredmedia":[{"embeddable":true,"href":"https:\/\/comexbrindes.com.br\/site\/wp-json\/wp\/v2\/media\/7938"}],"wp:attachment":[{"href":"https:\/\/comexbrindes.com.br\/site\/wp-json\/wp\/v2\/media?parent=2968"}],"wp:term":[{"taxonomy":"product_cat","embeddable":true,"href":"https:\/\/comexbrindes.com.br\/site\/wp-json\/wp\/v2\/product_cat?post=2968"},{"taxonomy":"product_tag","embeddable":true,"href":"https:\/\/comexbrindes.com.br\/site\/wp-json\/wp\/v2\/product_tag?post=2968"}],"curies":[{"name":"wp","href":"https:\/\/api.w.org\/{rel}","templated":true}]}}