{"id":2930,"date":"2024-04-19T14:49:50","date_gmt":"2024-04-19T14:49:50","guid":{"rendered":"https:\/\/comexbrindes.com.br\/site\/?post_type=product&#038;p=2930"},"modified":"2026-01-27T13:16:01","modified_gmt":"2026-01-27T13:16:01","slug":"trena-plastico-cores-clip-lateral-trava-5m-zbx-58501","status":"publish","type":"product","link":"https:\/\/comexbrindes.com.br\/site\/produto\/trena-plastico-cores-clip-lateral-trava-5m-zbx-58501\/","title":{"rendered":"TRENA PL\u00c1STICO CORES, CLIP LATERAL, TRAVA 5M &#8211; BX.58501"},"content":{"rendered":"<ul>\n<li>Trena pl\u00e1stica 5M, clip lateral, trava e tirante.<\/li>\n<li><strong>Cores:<\/strong> preto, vermelho, verde e azul.<\/li>\n<li><strong>Tamanho:<\/strong> 6 x 6 x 3 cm.<\/li>\n<li><strong>Grava\u00e7\u00e3o:<\/strong> resina cores, 1 lado.<\/li>\n<li>Embalagem saco pl\u00e1stico unit\u00e1rio.<\/li>\n<\/ul>\n<p>&nbsp;<\/p>\n<p>&nbsp;<\/p>\n","protected":false},"excerpt":{"rendered":"<p>Trena pl\u00e1stica 5M, clip lateral, trava e tirante. Cores: preto, vermelho, verde e azul. Tamanho: 6 x 6 x 3 cm. Grava\u00e7\u00e3o: resina cores, 1 lado. Embalagem saco pl\u00e1stico unit\u00e1rio. &nbsp; &nbsp;<\/p>\n","protected":false},"featured_media":6667,"template":"","meta":[],"product_cat":[52],"product_tag":[],"class_list":{"0":"post-2930","1":"product","2":"type-product","3":"status-publish","4":"has-post-thumbnail","6":"product_cat-ferramentas","8":"first","9":"instock","10":"shipping-taxable","11":"product-type-variable"},"_links":{"self":[{"href":"https:\/\/comexbrindes.com.br\/site\/wp-json\/wp\/v2\/product\/2930","targetHints":{"allow":["GET"]}}],"collection":[{"href":"https:\/\/comexbrindes.com.br\/site\/wp-json\/wp\/v2\/product"}],"about":[{"href":"https:\/\/comexbrindes.com.br\/site\/wp-json\/wp\/v2\/types\/product"}],"version-history":[{"count":4,"href":"https:\/\/comexbrindes.com.br\/site\/wp-json\/wp\/v2\/product\/2930\/revisions"}],"predecessor-version":[{"id":8296,"href":"https:\/\/comexbrindes.com.br\/site\/wp-json\/wp\/v2\/product\/2930\/revisions\/8296"}],"wp:featuredmedia":[{"embeddable":true,"href":"https:\/\/comexbrindes.com.br\/site\/wp-json\/wp\/v2\/media\/6667"}],"wp:attachment":[{"href":"https:\/\/comexbrindes.com.br\/site\/wp-json\/wp\/v2\/media?parent=2930"}],"wp:term":[{"taxonomy":"product_cat","embeddable":true,"href":"https:\/\/comexbrindes.com.br\/site\/wp-json\/wp\/v2\/product_cat?post=2930"},{"taxonomy":"product_tag","embeddable":true,"href":"https:\/\/comexbrindes.com.br\/site\/wp-json\/wp\/v2\/product_tag?post=2930"}],"curies":[{"name":"wp","href":"https:\/\/api.w.org\/{rel}","templated":true}]}}