{"id":2926,"date":"2024-04-19T14:36:37","date_gmt":"2024-04-19T14:36:37","guid":{"rendered":"https:\/\/comexbrindes.com.br\/site\/?post_type=product&#038;p=2926"},"modified":"2026-01-27T13:08:01","modified_gmt":"2026-01-27T13:08:01","slug":"porta-documentos-couro-sintetico-zbx-86431","status":"publish","type":"product","link":"https:\/\/comexbrindes.com.br\/site\/produto\/porta-documentos-couro-sintetico-zbx-86431\/","title":{"rendered":"02 PORTA DOCUMENTOS COURO SINT\u00c9TICO &#8211; BX.86431"},"content":{"rendered":"<ul>\n<li>Porta documentos em couro sint\u00e9tico, costurado.<\/li>\n<li>Cores preto e marrom.<\/li>\n<li>Visor pl\u00e1stico.<\/li>\n<li>Tamanho: 10,0 x 13,2 cm.<\/li>\n<li>Grava\u00e7\u00e3o tampografia 1 cor em um lado.<\/li>\n<\/ul>\n<p>&nbsp;<\/p>\n","protected":false},"excerpt":{"rendered":"<p>Porta documentos em couro sint\u00e9tico, costurado. Cores preto e marrom. Visor pl\u00e1stico. Tamanho: 10,0 x 13,2 cm. Grava\u00e7\u00e3o tampografia 1 cor em um lado. &nbsp;<\/p>\n","protected":false},"featured_media":7235,"template":"","meta":[],"product_cat":[20],"product_tag":[],"class_list":{"0":"post-2926","1":"product","2":"type-product","3":"status-publish","4":"has-post-thumbnail","6":"product_cat-escritorio","8":"first","9":"instock","10":"shipping-taxable","11":"product-type-variable"},"_links":{"self":[{"href":"https:\/\/comexbrindes.com.br\/site\/wp-json\/wp\/v2\/product\/2926","targetHints":{"allow":["GET"]}}],"collection":[{"href":"https:\/\/comexbrindes.com.br\/site\/wp-json\/wp\/v2\/product"}],"about":[{"href":"https:\/\/comexbrindes.com.br\/site\/wp-json\/wp\/v2\/types\/product"}],"version-history":[{"count":5,"href":"https:\/\/comexbrindes.com.br\/site\/wp-json\/wp\/v2\/product\/2926\/revisions"}],"predecessor-version":[{"id":8293,"href":"https:\/\/comexbrindes.com.br\/site\/wp-json\/wp\/v2\/product\/2926\/revisions\/8293"}],"wp:featuredmedia":[{"embeddable":true,"href":"https:\/\/comexbrindes.com.br\/site\/wp-json\/wp\/v2\/media\/7235"}],"wp:attachment":[{"href":"https:\/\/comexbrindes.com.br\/site\/wp-json\/wp\/v2\/media?parent=2926"}],"wp:term":[{"taxonomy":"product_cat","embeddable":true,"href":"https:\/\/comexbrindes.com.br\/site\/wp-json\/wp\/v2\/product_cat?post=2926"},{"taxonomy":"product_tag","embeddable":true,"href":"https:\/\/comexbrindes.com.br\/site\/wp-json\/wp\/v2\/product_tag?post=2926"}],"curies":[{"name":"wp","href":"https:\/\/api.w.org\/{rel}","templated":true}]}}