{"id":2906,"date":"2024-04-19T14:31:13","date_gmt":"2024-04-19T14:31:13","guid":{"rendered":"https:\/\/comexbrindes.com.br\/site\/?post_type=product&#038;p=2906"},"modified":"2026-02-23T19:17:59","modified_gmt":"2026-02-23T19:17:59","slug":"mouse-pad-ergonomico-lp-2024","status":"publish","type":"product","link":"https:\/\/comexbrindes.com.br\/site\/produto\/mouse-pad-ergonomico-lp-2024\/","title":{"rendered":"01 MOUSE PAD ERGON\u00d4MICO &#8211; LB.2024"},"content":{"rendered":"<ul>\n<li>Mouse Pad, ergon\u00f4mico, neoprene.<\/li>\n<li>Impress\u00e3o digital 4 x 0 cores<\/li>\n<li>Espuma ortop\u00e9dica<\/li>\n<li>Altura do apoio para pulso 20 mm<\/li>\n<li><strong>Tamanho:<\/strong> 26 x 21 x 2 cm<\/li>\n<li>Base PVC expandido (borracha) 2 mm<\/li>\n<li>Embalagem unit\u00e1rio<\/li>\n<\/ul>\n<p>&nbsp;<\/p>\n<p>&nbsp;<\/p>\n","protected":false},"excerpt":{"rendered":"<p>Mouse Pad, ergon\u00f4mico, neoprene. Impress\u00e3o digital 4 x 0 cores Espuma ortop\u00e9dica Altura do apoio para pulso 20 mm Tamanho: 26 x 21 x 2 cm Base PVC expandido (borracha) 2 mm Embalagem unit\u00e1rio &nbsp; &nbsp;<\/p>\n","protected":false},"featured_media":6769,"template":"","meta":[],"product_cat":[20],"product_tag":[],"class_list":{"0":"post-2906","1":"product","2":"type-product","3":"status-publish","4":"has-post-thumbnail","6":"product_cat-escritorio","8":"first","9":"instock","10":"shipping-taxable","11":"product-type-variable"},"_links":{"self":[{"href":"https:\/\/comexbrindes.com.br\/site\/wp-json\/wp\/v2\/product\/2906","targetHints":{"allow":["GET"]}}],"collection":[{"href":"https:\/\/comexbrindes.com.br\/site\/wp-json\/wp\/v2\/product"}],"about":[{"href":"https:\/\/comexbrindes.com.br\/site\/wp-json\/wp\/v2\/types\/product"}],"version-history":[{"count":4,"href":"https:\/\/comexbrindes.com.br\/site\/wp-json\/wp\/v2\/product\/2906\/revisions"}],"predecessor-version":[{"id":8489,"href":"https:\/\/comexbrindes.com.br\/site\/wp-json\/wp\/v2\/product\/2906\/revisions\/8489"}],"wp:featuredmedia":[{"embeddable":true,"href":"https:\/\/comexbrindes.com.br\/site\/wp-json\/wp\/v2\/media\/6769"}],"wp:attachment":[{"href":"https:\/\/comexbrindes.com.br\/site\/wp-json\/wp\/v2\/media?parent=2906"}],"wp:term":[{"taxonomy":"product_cat","embeddable":true,"href":"https:\/\/comexbrindes.com.br\/site\/wp-json\/wp\/v2\/product_cat?post=2906"},{"taxonomy":"product_tag","embeddable":true,"href":"https:\/\/comexbrindes.com.br\/site\/wp-json\/wp\/v2\/product_tag?post=2906"}],"curies":[{"name":"wp","href":"https:\/\/api.w.org\/{rel}","templated":true}]}}