{"id":2901,"date":"2024-04-19T14:27:36","date_gmt":"2024-04-19T14:27:36","guid":{"rendered":"https:\/\/comexbrindes.com.br\/site\/?post_type=product&#038;p=2901"},"modified":"2026-01-21T12:40:37","modified_gmt":"2026-01-21T12:40:37","slug":"caixa-de-som-18w-wireless-speaker-usb-microsd-bt-054k","status":"publish","type":"product","link":"https:\/\/comexbrindes.com.br\/site\/produto\/caixa-de-som-18w-wireless-speaker-usb-microsd-bt-054k\/","title":{"rendered":"01 CAIXA DE SOM, 18W, WIRELESS SPEAKER USB &#8211; KM.054K"},"content":{"rendered":"<ul>\n<li>Caixa de som, 18W, wireless speaker.<\/li>\n<li>Microfone embutido, entrada micro SD, entrada USB, r\u00e1dio FM, atende chamadas telef\u00f4nicas.<\/li>\n<li>Resistente \u00e0 \u00e1gua, at\u00e9 8 horas de uso.<\/li>\n<li>Pot\u00eancia 18W RMS, bateria polimero de l\u00edtio (2400mAh).<\/li>\n<li>Vers\u00e3o Bluetooth: 5.0, tempo de recarga da bateria 4h.<\/li>\n<li><strong>Tamanho:<\/strong> 20 x 7,6 x 7,4 cm.<\/li>\n<li><strong>Grava\u00e7\u00e3o:<\/strong> tampografia 1 cor, 1 lado.<\/li>\n<li>Embalagem caixa presente.<\/li>\n<\/ul>\n<p>&nbsp;<\/p>\n<p>&nbsp;<\/p>\n","protected":false},"excerpt":{"rendered":"<p>Caixa de som, 18W, wireless speaker. Microfone embutido, entrada micro SD, entrada USB, r\u00e1dio FM, atende chamadas telef\u00f4nicas. Resistente \u00e0 \u00e1gua, at\u00e9 8 horas de uso. Pot\u00eancia 18W RMS, bateria polimero de l\u00edtio (2400mAh). Vers\u00e3o Bluetooth: 5.0, tempo de recarga da bateria 4h. Tamanho: 20 x 7,6 x 7,4 cm. Grava\u00e7\u00e3o: tampografia 1 cor, 1 [&hellip;]<\/p>\n","protected":false},"featured_media":6625,"template":"","meta":[],"product_cat":[51],"product_tag":[],"class_list":{"0":"post-2901","1":"product","2":"type-product","3":"status-publish","4":"has-post-thumbnail","6":"product_cat-eletronicos","8":"first","9":"instock","10":"shipping-taxable","11":"product-type-variable"},"_links":{"self":[{"href":"https:\/\/comexbrindes.com.br\/site\/wp-json\/wp\/v2\/product\/2901","targetHints":{"allow":["GET"]}}],"collection":[{"href":"https:\/\/comexbrindes.com.br\/site\/wp-json\/wp\/v2\/product"}],"about":[{"href":"https:\/\/comexbrindes.com.br\/site\/wp-json\/wp\/v2\/types\/product"}],"version-history":[{"count":7,"href":"https:\/\/comexbrindes.com.br\/site\/wp-json\/wp\/v2\/product\/2901\/revisions"}],"predecessor-version":[{"id":8143,"href":"https:\/\/comexbrindes.com.br\/site\/wp-json\/wp\/v2\/product\/2901\/revisions\/8143"}],"wp:featuredmedia":[{"embeddable":true,"href":"https:\/\/comexbrindes.com.br\/site\/wp-json\/wp\/v2\/media\/6625"}],"wp:attachment":[{"href":"https:\/\/comexbrindes.com.br\/site\/wp-json\/wp\/v2\/media?parent=2901"}],"wp:term":[{"taxonomy":"product_cat","embeddable":true,"href":"https:\/\/comexbrindes.com.br\/site\/wp-json\/wp\/v2\/product_cat?post=2901"},{"taxonomy":"product_tag","embeddable":true,"href":"https:\/\/comexbrindes.com.br\/site\/wp-json\/wp\/v2\/product_tag?post=2901"}],"curies":[{"name":"wp","href":"https:\/\/api.w.org\/{rel}","templated":true}]}}