{"id":2889,"date":"2024-04-19T14:23:28","date_gmt":"2024-04-19T14:23:28","guid":{"rendered":"https:\/\/comexbrindes.com.br\/site\/?post_type=product&#038;p=2889"},"modified":"2026-05-12T19:16:02","modified_gmt":"2026-05-12T19:16:02","slug":"fone-de-ouvido-bt5-3-com-estojo-alta-qualidade-cancelamento-de-ruidos-b-053-swt","status":"publish","type":"product","link":"https:\/\/comexbrindes.com.br\/site\/produto\/fone-de-ouvido-bt5-3-com-estojo-alta-qualidade-cancelamento-de-ruidos-b-053-swt\/","title":{"rendered":"03 FONE DE OUVIDO, CANCELAMENTO DE RU\u00cdDOS &#8211; KM.053.SWT"},"content":{"rendered":"<ul>\n<li>Fone de ouvido BT5.3 com estojo<\/li>\n<li>Cancelamento de ru\u00eddos, conex\u00e3o est\u00e1vel e de alta qualidade<\/li>\n<li>Capacidade de bateria 3,7V<\/li>\n<li>Possui bot\u00f5es de controle touch, atendimento de chamadas telef\u00f4nicas<\/li>\n<li>Bateria: 5 horas (fone) + 20 horas (estojo)<\/li>\n<li><strong>Grava\u00e7\u00e3o:<\/strong> tampografia 1 cor<\/li>\n<\/ul>\n","protected":false},"excerpt":{"rendered":"<p>Fone de ouvido BT5.3 com estojo Cancelamento de ru\u00eddos, conex\u00e3o est\u00e1vel e de alta qualidade Capacidade de bateria 3,7V Possui bot\u00f5es de controle touch, atendimento de chamadas telef\u00f4nicas Bateria: 5 horas (fone) + 20 horas (estojo) Grava\u00e7\u00e3o: tampografia 1 cor<\/p>\n","protected":false},"featured_media":6636,"template":"","meta":[],"product_cat":[97],"product_tag":[],"class_list":{"0":"post-2889","1":"product","2":"type-product","3":"status-publish","4":"has-post-thumbnail","6":"product_cat-tecnologia","8":"first","9":"instock","10":"shipping-taxable","11":"product-type-variable"},"_links":{"self":[{"href":"https:\/\/comexbrindes.com.br\/site\/wp-json\/wp\/v2\/product\/2889","targetHints":{"allow":["GET"]}}],"collection":[{"href":"https:\/\/comexbrindes.com.br\/site\/wp-json\/wp\/v2\/product"}],"about":[{"href":"https:\/\/comexbrindes.com.br\/site\/wp-json\/wp\/v2\/types\/product"}],"version-history":[{"count":6,"href":"https:\/\/comexbrindes.com.br\/site\/wp-json\/wp\/v2\/product\/2889\/revisions"}],"predecessor-version":[{"id":8145,"href":"https:\/\/comexbrindes.com.br\/site\/wp-json\/wp\/v2\/product\/2889\/revisions\/8145"}],"wp:featuredmedia":[{"embeddable":true,"href":"https:\/\/comexbrindes.com.br\/site\/wp-json\/wp\/v2\/media\/6636"}],"wp:attachment":[{"href":"https:\/\/comexbrindes.com.br\/site\/wp-json\/wp\/v2\/media?parent=2889"}],"wp:term":[{"taxonomy":"product_cat","embeddable":true,"href":"https:\/\/comexbrindes.com.br\/site\/wp-json\/wp\/v2\/product_cat?post=2889"},{"taxonomy":"product_tag","embeddable":true,"href":"https:\/\/comexbrindes.com.br\/site\/wp-json\/wp\/v2\/product_tag?post=2889"}],"curies":[{"name":"wp","href":"https:\/\/api.w.org\/{rel}","templated":true}]}}