{"id":2863,"date":"2024-04-19T14:13:56","date_gmt":"2024-04-19T14:13:56","guid":{"rendered":"https:\/\/comexbrindes.com.br\/site\/?post_type=product&#038;p=2863"},"modified":"2025-08-21T20:46:17","modified_gmt":"2025-08-21T20:46:17","slug":"avental-churrasco-black-gourmet-ts-17562","status":"publish","type":"product","link":"https:\/\/comexbrindes.com.br\/site\/produto\/avental-churrasco-black-gourmet-ts-17562\/","title":{"rendered":"22 AVENTAL CHURRASCO BLACK GOURMET &#8211; TS.17562"},"content":{"rendered":"<ul>\n<li>Avental churrasco black Gourmet.<\/li>\n<li>Em jeans semiperme\u00e1vel com bolso frontal, al\u00e7a e cinto de couro sint\u00e9tico com regulagem de tamanho (al\u00e7as regul\u00e1veis facilitando o uso).<\/li>\n<li><strong>Tamanho:<\/strong> 104,5 x 61,0 cm.<\/li>\n<li><strong>Grava\u00e7\u00e3o:<\/strong> Tampografia 1 cor ou bordado at\u00e9 15 cm.<\/li>\n<\/ul>\n<p>&nbsp;<\/p>\n","protected":false},"excerpt":{"rendered":"<p>Avental churrasco black Gourmet. Em jeans semiperme\u00e1vel com bolso frontal, al\u00e7a e cinto de couro sint\u00e9tico com regulagem de tamanho (al\u00e7as regul\u00e1veis facilitando o uso). Tamanho: 104,5 x 61,0 cm. Grava\u00e7\u00e3o: Tampografia 1 cor ou bordado at\u00e9 15 cm. &nbsp;<\/p>\n","protected":false},"featured_media":7593,"template":"","meta":[],"product_cat":[64],"product_tag":[],"class_list":{"0":"post-2863","1":"product","2":"type-product","3":"status-publish","4":"has-post-thumbnail","6":"product_cat-churrasco","8":"first","9":"instock","10":"shipping-taxable","11":"product-type-variable"},"_links":{"self":[{"href":"https:\/\/comexbrindes.com.br\/site\/wp-json\/wp\/v2\/product\/2863","targetHints":{"allow":["GET"]}}],"collection":[{"href":"https:\/\/comexbrindes.com.br\/site\/wp-json\/wp\/v2\/product"}],"about":[{"href":"https:\/\/comexbrindes.com.br\/site\/wp-json\/wp\/v2\/types\/product"}],"version-history":[{"count":4,"href":"https:\/\/comexbrindes.com.br\/site\/wp-json\/wp\/v2\/product\/2863\/revisions"}],"predecessor-version":[{"id":6481,"href":"https:\/\/comexbrindes.com.br\/site\/wp-json\/wp\/v2\/product\/2863\/revisions\/6481"}],"wp:featuredmedia":[{"embeddable":true,"href":"https:\/\/comexbrindes.com.br\/site\/wp-json\/wp\/v2\/media\/7593"}],"wp:attachment":[{"href":"https:\/\/comexbrindes.com.br\/site\/wp-json\/wp\/v2\/media?parent=2863"}],"wp:term":[{"taxonomy":"product_cat","embeddable":true,"href":"https:\/\/comexbrindes.com.br\/site\/wp-json\/wp\/v2\/product_cat?post=2863"},{"taxonomy":"product_tag","embeddable":true,"href":"https:\/\/comexbrindes.com.br\/site\/wp-json\/wp\/v2\/product_tag?post=2863"}],"curies":[{"name":"wp","href":"https:\/\/api.w.org\/{rel}","templated":true}]}}