{"id":2856,"date":"2024-04-19T14:12:04","date_gmt":"2024-04-19T14:12:04","guid":{"rendered":"https:\/\/comexbrindes.com.br\/site\/?post_type=product&#038;p=2856"},"modified":"2025-01-15T13:40:55","modified_gmt":"2025-01-15T13:40:55","slug":"avental-em-algodao-e-poliester-150-gm%c2%b2-sp-03899","status":"publish","type":"product","link":"https:\/\/comexbrindes.com.br\/site\/produto\/avental-em-algodao-e-poliester-150-gm%c2%b2-sp-03899\/","title":{"rendered":"24 AVENTAL ALGOD\u00c3O E POLI\u00c9STER &#8211; SP.03899"},"content":{"rendered":"<ul>\n<li>Avental em algod\u00e3o e poli\u00e9ster, 150 gm\u00b2.<\/li>\n<li>Com 2 bolsos frontais, ajust\u00e1vel com fivela.<\/li>\n<li><strong>Tamanho:<\/strong> 65 x 85 cm.<\/li>\n<li><strong>Cor<\/strong> SOMENTE AZUL.<\/li>\n<li><strong>Grava\u00e7\u00e3o:<\/strong> bordado, 1 posi\u00e7\u00e3o.<\/li>\n<\/ul>\n<p>&nbsp;<\/p>\n","protected":false},"excerpt":{"rendered":"<p>Avental em algod\u00e3o e poli\u00e9ster, 150 gm\u00b2. Com 2 bolsos frontais, ajust\u00e1vel com fivela. Tamanho: 65 x 85 cm. Cor SOMENTE AZUL. Grava\u00e7\u00e3o: bordado, 1 posi\u00e7\u00e3o. &nbsp;<\/p>\n","protected":false},"featured_media":6355,"template":"","meta":[],"product_cat":[64],"product_tag":[],"class_list":{"0":"post-2856","1":"product","2":"type-product","3":"status-publish","4":"has-post-thumbnail","6":"product_cat-churrasco","8":"first","9":"instock","10":"shipping-taxable","11":"product-type-variable"},"_links":{"self":[{"href":"https:\/\/comexbrindes.com.br\/site\/wp-json\/wp\/v2\/product\/2856","targetHints":{"allow":["GET"]}}],"collection":[{"href":"https:\/\/comexbrindes.com.br\/site\/wp-json\/wp\/v2\/product"}],"about":[{"href":"https:\/\/comexbrindes.com.br\/site\/wp-json\/wp\/v2\/types\/product"}],"version-history":[{"count":6,"href":"https:\/\/comexbrindes.com.br\/site\/wp-json\/wp\/v2\/product\/2856\/revisions"}],"predecessor-version":[{"id":6479,"href":"https:\/\/comexbrindes.com.br\/site\/wp-json\/wp\/v2\/product\/2856\/revisions\/6479"}],"wp:featuredmedia":[{"embeddable":true,"href":"https:\/\/comexbrindes.com.br\/site\/wp-json\/wp\/v2\/media\/6355"}],"wp:attachment":[{"href":"https:\/\/comexbrindes.com.br\/site\/wp-json\/wp\/v2\/media?parent=2856"}],"wp:term":[{"taxonomy":"product_cat","embeddable":true,"href":"https:\/\/comexbrindes.com.br\/site\/wp-json\/wp\/v2\/product_cat?post=2856"},{"taxonomy":"product_tag","embeddable":true,"href":"https:\/\/comexbrindes.com.br\/site\/wp-json\/wp\/v2\/product_tag?post=2856"}],"curies":[{"name":"wp","href":"https:\/\/api.w.org\/{rel}","templated":true}]}}