{"id":2844,"date":"2024-04-19T14:06:35","date_gmt":"2024-04-19T14:06:35","guid":{"rendered":"https:\/\/comexbrindes.com.br\/site\/?post_type=product&#038;p=2844"},"modified":"2025-01-17T19:15:33","modified_gmt":"2025-01-17T19:15:33","slug":"canivete-premium-multiuso-inox-e-madeira-clip-gravacao-laser-sp-03049","status":"publish","type":"product","link":"https:\/\/comexbrindes.com.br\/site\/produto\/canivete-premium-multiuso-inox-e-madeira-clip-gravacao-laser-sp-03049\/","title":{"rendered":"21 CANIVETE PREMIUM MULTIUSO, INOX E MADEIRA &#8211; SP.03049"},"content":{"rendered":"<ul>\n<li>Canivete Premium, multiuso, inox.<\/li>\n<li>Cabo com detalhes madeira natural escuro, fecho de seguran\u00e7a e clip.<\/li>\n<li><strong>Tamanho:<\/strong> 11,5 x 1,6 x 3,6 cm.<\/li>\n<li><strong>Grava\u00e7\u00e3o:<\/strong> a laser, 1 lado.<\/li>\n<li>Embalagem caixa preta unit\u00e1ria.<\/li>\n<\/ul>\n<p>&nbsp;<\/p>\n<p>&nbsp;<\/p>\n<p>&nbsp;<\/p>\n<p>&nbsp;<\/p>\n<p>&nbsp;<\/p>\n","protected":false},"excerpt":{"rendered":"<p>Canivete Premium, multiuso, inox. Cabo com detalhes madeira natural escuro, fecho de seguran\u00e7a e clip. Tamanho: 11,5 x 1,6 x 3,6 cm. Grava\u00e7\u00e3o: a laser, 1 lado. Embalagem caixa preta unit\u00e1ria. &nbsp; &nbsp; &nbsp; &nbsp; &nbsp;<\/p>\n","protected":false},"featured_media":6518,"template":"","meta":[],"product_cat":[64],"product_tag":[],"class_list":{"0":"post-2844","1":"product","2":"type-product","3":"status-publish","4":"has-post-thumbnail","6":"product_cat-churrasco","8":"first","9":"instock","10":"shipping-taxable","11":"product-type-variable"},"_links":{"self":[{"href":"https:\/\/comexbrindes.com.br\/site\/wp-json\/wp\/v2\/product\/2844","targetHints":{"allow":["GET"]}}],"collection":[{"href":"https:\/\/comexbrindes.com.br\/site\/wp-json\/wp\/v2\/product"}],"about":[{"href":"https:\/\/comexbrindes.com.br\/site\/wp-json\/wp\/v2\/types\/product"}],"version-history":[{"count":4,"href":"https:\/\/comexbrindes.com.br\/site\/wp-json\/wp\/v2\/product\/2844\/revisions"}],"predecessor-version":[{"id":6519,"href":"https:\/\/comexbrindes.com.br\/site\/wp-json\/wp\/v2\/product\/2844\/revisions\/6519"}],"wp:featuredmedia":[{"embeddable":true,"href":"https:\/\/comexbrindes.com.br\/site\/wp-json\/wp\/v2\/media\/6518"}],"wp:attachment":[{"href":"https:\/\/comexbrindes.com.br\/site\/wp-json\/wp\/v2\/media?parent=2844"}],"wp:term":[{"taxonomy":"product_cat","embeddable":true,"href":"https:\/\/comexbrindes.com.br\/site\/wp-json\/wp\/v2\/product_cat?post=2844"},{"taxonomy":"product_tag","embeddable":true,"href":"https:\/\/comexbrindes.com.br\/site\/wp-json\/wp\/v2\/product_tag?post=2844"}],"curies":[{"name":"wp","href":"https:\/\/api.w.org\/{rel}","templated":true}]}}