{"id":2832,"date":"2024-04-19T13:51:24","date_gmt":"2024-04-19T13:51:24","guid":{"rendered":"https:\/\/comexbrindes.com.br\/site\/?post_type=product&#038;p=2832"},"modified":"2026-01-26T20:43:57","modified_gmt":"2026-01-26T20:43:57","slug":"churrasco-estojo-poliester-ziper-faca-e-garfao-zbx-74470","status":"publish","type":"product","link":"https:\/\/comexbrindes.com.br\/site\/produto\/churrasco-estojo-poliester-ziper-faca-e-garfao-zbx-74470\/","title":{"rendered":"15 CHURRASCO ESTOJO POLI\u00c9STER &#8211; BX.74470"},"content":{"rendered":"<ul>\n<li>Kit talheres para churrasco, 2 pe\u00e7as.<\/li>\n<li>Poli\u00e9ster preto e z\u00edper.<\/li>\n<li>Garf\u00e3o e faca.<\/li>\n<li><strong>Tamanho:<\/strong> 36 x 9,5 x 3 cm.<\/li>\n<li><strong>Grava\u00e7\u00e3o:<\/strong> laser na faca e tampografia 1 cor no estojo.<\/li>\n<li>Embalagem saco pl\u00e1stico.<\/li>\n<\/ul>\n<p>&nbsp;<\/p>\n<p>&nbsp;<\/p>\n<p>&nbsp;<\/p>\n<p>&nbsp;<\/p>\n","protected":false},"excerpt":{"rendered":"<p>Kit talheres para churrasco, 2 pe\u00e7as. Poli\u00e9ster preto e z\u00edper. Garf\u00e3o e faca. Tamanho: 36 x 9,5 x 3 cm. Grava\u00e7\u00e3o: laser na faca e tampografia 1 cor no estojo. Embalagem saco pl\u00e1stico. &nbsp; &nbsp; &nbsp; &nbsp;<\/p>\n","protected":false},"featured_media":7681,"template":"","meta":[],"product_cat":[64],"product_tag":[],"class_list":{"0":"post-2832","1":"product","2":"type-product","3":"status-publish","4":"has-post-thumbnail","6":"product_cat-churrasco","8":"first","9":"instock","10":"shipping-taxable","11":"product-type-variable"},"_links":{"self":[{"href":"https:\/\/comexbrindes.com.br\/site\/wp-json\/wp\/v2\/product\/2832","targetHints":{"allow":["GET"]}}],"collection":[{"href":"https:\/\/comexbrindes.com.br\/site\/wp-json\/wp\/v2\/product"}],"about":[{"href":"https:\/\/comexbrindes.com.br\/site\/wp-json\/wp\/v2\/types\/product"}],"version-history":[{"count":7,"href":"https:\/\/comexbrindes.com.br\/site\/wp-json\/wp\/v2\/product\/2832\/revisions"}],"predecessor-version":[{"id":8276,"href":"https:\/\/comexbrindes.com.br\/site\/wp-json\/wp\/v2\/product\/2832\/revisions\/8276"}],"wp:featuredmedia":[{"embeddable":true,"href":"https:\/\/comexbrindes.com.br\/site\/wp-json\/wp\/v2\/media\/7681"}],"wp:attachment":[{"href":"https:\/\/comexbrindes.com.br\/site\/wp-json\/wp\/v2\/media?parent=2832"}],"wp:term":[{"taxonomy":"product_cat","embeddable":true,"href":"https:\/\/comexbrindes.com.br\/site\/wp-json\/wp\/v2\/product_cat?post=2832"},{"taxonomy":"product_tag","embeddable":true,"href":"https:\/\/comexbrindes.com.br\/site\/wp-json\/wp\/v2\/product_tag?post=2832"}],"curies":[{"name":"wp","href":"https:\/\/api.w.org\/{rel}","templated":true}]}}