{"id":2800,"date":"2024-04-19T13:28:37","date_gmt":"2024-04-19T13:28:37","guid":{"rendered":"https:\/\/comexbrindes.com.br\/site\/?post_type=product&#038;p=2800"},"modified":"2025-01-15T16:59:32","modified_gmt":"2025-01-15T16:59:32","slug":"jogo-churrasco-tramontina-inox-3-pecas-cabo-madeira-e-polipropileno-55099222","status":"publish","type":"product","link":"https:\/\/comexbrindes.com.br\/site\/produto\/jogo-churrasco-tramontina-inox-3-pecas-cabo-madeira-e-polipropileno-55099222\/","title":{"rendered":"19 JOGO CHURRASCO TRAMONTINA INOX  &#8211; TS.55099222"},"content":{"rendered":"<ul>\n<li>Jogo churrasco Tramontina inox, 3 pe\u00e7as.<\/li>\n<li>Faca 7&#8243;, garf\u00e3o, cabos de madeira natural e rebites de alum\u00ednio, chaira com haste em a\u00e7o carbono 8&#8243;, revestida com cromo-duro, cabo de polipropileno.<\/li>\n<li><strong>Tamanho:<\/strong> faca 30,5 x 3,8 x 1,4 cm &#8211; garfo 25,2 x 2,3 x 2,3 cm &#8211; chaira 30,5 x 3,8 x 1,4 cm.<\/li>\n<li><strong>Grava\u00e7\u00e3o:<\/strong> laser na faca.<\/li>\n<li>Embalagem blister.<\/li>\n<\/ul>\n<p>&nbsp;<\/p>\n<p>&nbsp;<\/p>\n","protected":false},"excerpt":{"rendered":"<p>Jogo churrasco Tramontina inox, 3 pe\u00e7as. Faca 7&#8243;, garf\u00e3o, cabos de madeira natural e rebites de alum\u00ednio, chaira com haste em a\u00e7o carbono 8&#8243;, revestida com cromo-duro, cabo de polipropileno. Tamanho: faca 30,5 x 3,8 x 1,4 cm &#8211; garfo 25,2 x 2,3 x 2,3 cm &#8211; chaira 30,5 x 3,8 x 1,4 cm. Grava\u00e7\u00e3o: [&hellip;]<\/p>\n","protected":false},"featured_media":6512,"template":"","meta":[],"product_cat":[64],"product_tag":[],"class_list":{"0":"post-2800","1":"product","2":"type-product","3":"status-publish","4":"has-post-thumbnail","6":"product_cat-churrasco","8":"first","9":"instock","10":"shipping-taxable","11":"product-type-variable"},"_links":{"self":[{"href":"https:\/\/comexbrindes.com.br\/site\/wp-json\/wp\/v2\/product\/2800","targetHints":{"allow":["GET"]}}],"collection":[{"href":"https:\/\/comexbrindes.com.br\/site\/wp-json\/wp\/v2\/product"}],"about":[{"href":"https:\/\/comexbrindes.com.br\/site\/wp-json\/wp\/v2\/types\/product"}],"version-history":[{"count":4,"href":"https:\/\/comexbrindes.com.br\/site\/wp-json\/wp\/v2\/product\/2800\/revisions"}],"predecessor-version":[{"id":6520,"href":"https:\/\/comexbrindes.com.br\/site\/wp-json\/wp\/v2\/product\/2800\/revisions\/6520"}],"wp:featuredmedia":[{"embeddable":true,"href":"https:\/\/comexbrindes.com.br\/site\/wp-json\/wp\/v2\/media\/6512"}],"wp:attachment":[{"href":"https:\/\/comexbrindes.com.br\/site\/wp-json\/wp\/v2\/media?parent=2800"}],"wp:term":[{"taxonomy":"product_cat","embeddable":true,"href":"https:\/\/comexbrindes.com.br\/site\/wp-json\/wp\/v2\/product_cat?post=2800"},{"taxonomy":"product_tag","embeddable":true,"href":"https:\/\/comexbrindes.com.br\/site\/wp-json\/wp\/v2\/product_tag?post=2800"}],"curies":[{"name":"wp","href":"https:\/\/api.w.org\/{rel}","templated":true}]}}