{"id":2796,"date":"2024-04-19T13:20:21","date_gmt":"2024-04-19T13:20:21","guid":{"rendered":"https:\/\/comexbrindes.com.br\/site\/?post_type=product&#038;p=2796"},"modified":"2025-08-29T19:17:36","modified_gmt":"2025-08-29T19:17:36","slug":"kit-churrasco-faca-chefe-e-garfao-inox-caixa-kraft-laser-na-faca-sp-93149","status":"publish","type":"product","link":"https:\/\/comexbrindes.com.br\/site\/produto\/kit-churrasco-faca-chefe-e-garfao-inox-caixa-kraft-laser-na-faca-sp-93149\/","title":{"rendered":"14 KIT CHURRASCO FACA CHEFE E GARF\u00c3O &#8211; SP.93149"},"content":{"rendered":"<ul>\n<li>Kit churrasco faca chefe e garf\u00e3o inox.<\/li>\n<li>Cabo bambu.<\/li>\n<li>Caixa kraft preto e natural, 103 PT, 160 NT.<\/li>\n<li><strong>Tamanho:<\/strong> estojo 34 x 11,5 x 2,5 cm.<\/li>\n<li><strong>Grava\u00e7\u00e3o:<\/strong> laser na faca em um lado.<\/li>\n<\/ul>\n<p>&nbsp;<\/p>\n<p>&nbsp;<\/p>\n","protected":false},"excerpt":{"rendered":"<p>Kit churrasco faca chefe e garf\u00e3o inox. Cabo bambu. Caixa kraft preto e natural, 103 PT, 160 NT. Tamanho: estojo 34 x 11,5 x 2,5 cm. Grava\u00e7\u00e3o: laser na faca em um lado. &nbsp; &nbsp;<\/p>\n","protected":false},"featured_media":7679,"template":"","meta":[],"product_cat":[64],"product_tag":[],"class_list":{"0":"post-2796","1":"product","2":"type-product","3":"status-publish","4":"has-post-thumbnail","6":"product_cat-churrasco","8":"first","9":"instock","10":"shipping-taxable","11":"product-type-variable"},"_links":{"self":[{"href":"https:\/\/comexbrindes.com.br\/site\/wp-json\/wp\/v2\/product\/2796","targetHints":{"allow":["GET"]}}],"collection":[{"href":"https:\/\/comexbrindes.com.br\/site\/wp-json\/wp\/v2\/product"}],"about":[{"href":"https:\/\/comexbrindes.com.br\/site\/wp-json\/wp\/v2\/types\/product"}],"version-history":[{"count":6,"href":"https:\/\/comexbrindes.com.br\/site\/wp-json\/wp\/v2\/product\/2796\/revisions"}],"predecessor-version":[{"id":6499,"href":"https:\/\/comexbrindes.com.br\/site\/wp-json\/wp\/v2\/product\/2796\/revisions\/6499"}],"wp:featuredmedia":[{"embeddable":true,"href":"https:\/\/comexbrindes.com.br\/site\/wp-json\/wp\/v2\/media\/7679"}],"wp:attachment":[{"href":"https:\/\/comexbrindes.com.br\/site\/wp-json\/wp\/v2\/media?parent=2796"}],"wp:term":[{"taxonomy":"product_cat","embeddable":true,"href":"https:\/\/comexbrindes.com.br\/site\/wp-json\/wp\/v2\/product_cat?post=2796"},{"taxonomy":"product_tag","embeddable":true,"href":"https:\/\/comexbrindes.com.br\/site\/wp-json\/wp\/v2\/product_tag?post=2796"}],"curies":[{"name":"wp","href":"https:\/\/api.w.org\/{rel}","templated":true}]}}