{"id":2783,"date":"2024-04-19T13:15:59","date_gmt":"2024-04-19T13:15:59","guid":{"rendered":"https:\/\/comexbrindes.com.br\/site\/?post_type=product&#038;p=2783"},"modified":"2025-05-27T20:12:17","modified_gmt":"2025-05-27T20:12:17","slug":"tabua-churrasco-madeira-natural-macica-impermeabilizada-mx-210333","status":"publish","type":"product","link":"https:\/\/comexbrindes.com.br\/site\/produto\/tabua-churrasco-madeira-natural-macica-impermeabilizada-mx-210333\/","title":{"rendered":"10 T\u00c1BUA CHURRASCO MADEIRA NATURAL &#8211; MX.2103 33"},"content":{"rendered":"<ul>\n<li>T\u00e1bua churrasco, madeira natural maci\u00e7a.<\/li>\n<li>Impermeabilizada, revestida em PU at\u00f3xico.<\/li>\n<li>Cortar e servir.<\/li>\n<li><strong>Tamanho:<\/strong> 45 x 28 x 2,8 cm.<\/li>\n<li><strong>Grava\u00e7\u00e3o:<\/strong> a laser, 1 posi\u00e7\u00e3o.<\/li>\n<\/ul>\n<p>&nbsp;<\/p>\n<p>&nbsp;<\/p>\n<p>&nbsp;<\/p>\n","protected":false},"excerpt":{"rendered":"<p>T\u00e1bua churrasco, madeira natural maci\u00e7a. Impermeabilizada, revestida em PU at\u00f3xico. Cortar e servir. Tamanho: 45 x 28 x 2,8 cm. Grava\u00e7\u00e3o: a laser, 1 posi\u00e7\u00e3o. &nbsp; &nbsp; &nbsp;<\/p>\n","protected":false},"featured_media":7091,"template":"","meta":[],"product_cat":[64],"product_tag":[],"class_list":{"0":"post-2783","1":"product","2":"type-product","3":"status-publish","4":"has-post-thumbnail","6":"product_cat-churrasco","8":"first","9":"instock","10":"shipping-taxable","11":"product-type-variable"},"_links":{"self":[{"href":"https:\/\/comexbrindes.com.br\/site\/wp-json\/wp\/v2\/product\/2783","targetHints":{"allow":["GET"]}}],"collection":[{"href":"https:\/\/comexbrindes.com.br\/site\/wp-json\/wp\/v2\/product"}],"about":[{"href":"https:\/\/comexbrindes.com.br\/site\/wp-json\/wp\/v2\/types\/product"}],"version-history":[{"count":7,"href":"https:\/\/comexbrindes.com.br\/site\/wp-json\/wp\/v2\/product\/2783\/revisions"}],"predecessor-version":[{"id":6402,"href":"https:\/\/comexbrindes.com.br\/site\/wp-json\/wp\/v2\/product\/2783\/revisions\/6402"}],"wp:featuredmedia":[{"embeddable":true,"href":"https:\/\/comexbrindes.com.br\/site\/wp-json\/wp\/v2\/media\/7091"}],"wp:attachment":[{"href":"https:\/\/comexbrindes.com.br\/site\/wp-json\/wp\/v2\/media?parent=2783"}],"wp:term":[{"taxonomy":"product_cat","embeddable":true,"href":"https:\/\/comexbrindes.com.br\/site\/wp-json\/wp\/v2\/product_cat?post=2783"},{"taxonomy":"product_tag","embeddable":true,"href":"https:\/\/comexbrindes.com.br\/site\/wp-json\/wp\/v2\/product_tag?post=2783"}],"curies":[{"name":"wp","href":"https:\/\/api.w.org\/{rel}","templated":true}]}}