{"id":2769,"date":"2024-04-19T13:09:00","date_gmt":"2024-04-19T13:09:00","guid":{"rendered":"https:\/\/comexbrindes.com.br\/site\/?post_type=product&#038;p=2769"},"modified":"2026-01-26T18:04:58","modified_gmt":"2026-01-26T18:04:58","slug":"chaveiro-aluminio-abridor-zbx-42890","status":"publish","type":"product","link":"https:\/\/comexbrindes.com.br\/site\/produto\/chaveiro-aluminio-abridor-zbx-42890\/","title":{"rendered":"18 CHAVEIRO ALUMINIO ABRIDOR &#8211; BX.42890"},"content":{"rendered":"<ul>\n<li>Chaveiro alum\u00ednio abridor, argola.<\/li>\n<li><strong>Tamanho:<\/strong> 6,5 x 1,1 cm.<\/li>\n<li><strong>Cores:<\/strong> azul, verde, laranja, dourado, prata, preto, vermelho, roxo.<\/li>\n<li><strong>Grava\u00e7\u00e3o:<\/strong> tampografia 1 cor, 1 lado.<\/li>\n<\/ul>\n","protected":false},"excerpt":{"rendered":"<p>Chaveiro alum\u00ednio abridor, argola. Tamanho: 6,5 x 1,1 cm. Cores: azul, verde, laranja, dourado, prata, preto, vermelho, roxo. Grava\u00e7\u00e3o: tampografia 1 cor, 1 lado.<\/p>\n","protected":false},"featured_media":7606,"template":"","meta":[],"product_cat":[63],"product_tag":[],"class_list":{"0":"post-2769","1":"product","2":"type-product","3":"status-publish","4":"has-post-thumbnail","6":"product_cat-chaveiros","8":"first","9":"instock","10":"shipping-taxable","11":"product-type-variable"},"_links":{"self":[{"href":"https:\/\/comexbrindes.com.br\/site\/wp-json\/wp\/v2\/product\/2769","targetHints":{"allow":["GET"]}}],"collection":[{"href":"https:\/\/comexbrindes.com.br\/site\/wp-json\/wp\/v2\/product"}],"about":[{"href":"https:\/\/comexbrindes.com.br\/site\/wp-json\/wp\/v2\/types\/product"}],"version-history":[{"count":5,"href":"https:\/\/comexbrindes.com.br\/site\/wp-json\/wp\/v2\/product\/2769\/revisions"}],"predecessor-version":[{"id":8268,"href":"https:\/\/comexbrindes.com.br\/site\/wp-json\/wp\/v2\/product\/2769\/revisions\/8268"}],"wp:featuredmedia":[{"embeddable":true,"href":"https:\/\/comexbrindes.com.br\/site\/wp-json\/wp\/v2\/media\/7606"}],"wp:attachment":[{"href":"https:\/\/comexbrindes.com.br\/site\/wp-json\/wp\/v2\/media?parent=2769"}],"wp:term":[{"taxonomy":"product_cat","embeddable":true,"href":"https:\/\/comexbrindes.com.br\/site\/wp-json\/wp\/v2\/product_cat?post=2769"},{"taxonomy":"product_tag","embeddable":true,"href":"https:\/\/comexbrindes.com.br\/site\/wp-json\/wp\/v2\/product_tag?post=2769"}],"curies":[{"name":"wp","href":"https:\/\/api.w.org\/{rel}","templated":true}]}}