{"id":2752,"date":"2024-04-19T13:02:17","date_gmt":"2024-04-19T13:02:17","guid":{"rendered":"https:\/\/comexbrindes.com.br\/site\/?post_type=product&#038;p=2752"},"modified":"2025-08-28T12:57:30","modified_gmt":"2025-08-28T12:57:30","slug":"chaveiro-inox-e-bambu-reforcado-as-0507-hc","status":"publish","type":"product","link":"https:\/\/comexbrindes.com.br\/site\/produto\/chaveiro-inox-e-bambu-reforcado-as-0507-hc\/","title":{"rendered":"03 CHAVEIRO INOX E BAMBU REFOR\u00c7ADO &#8211; AS.0507"},"content":{"rendered":"<ul>\n<li>Chaveiro premium refor\u00e7ado, inox e bambu.<\/li>\n<li>Verso inox liso, n\u00e3o permite a grava\u00e7\u00e3o, argola resistente.<\/li>\n<li><strong>Tamanho:<\/strong> 2,2 x 4,7 x 0,5 cm<\/li>\n<li><strong>Grava\u00e7\u00e3o:<\/strong> tampografia 1 cor, 1 lado.<\/li>\n<li>Caixa presente individual.<\/li>\n<\/ul>\n","protected":false},"excerpt":{"rendered":"<p>Chaveiro premium refor\u00e7ado, inox e bambu. Verso inox liso, n\u00e3o permite a grava\u00e7\u00e3o, argola resistente. Tamanho: 2,2 x 4,7 x 0,5 cm Grava\u00e7\u00e3o: tampografia 1 cor, 1 lado. Caixa presente individual.<\/p>\n","protected":false},"featured_media":7662,"template":"","meta":[],"product_cat":[63],"product_tag":[],"class_list":{"0":"post-2752","1":"product","2":"type-product","3":"status-publish","4":"has-post-thumbnail","6":"product_cat-chaveiros","8":"first","9":"instock","10":"shipping-taxable","11":"product-type-variable"},"_links":{"self":[{"href":"https:\/\/comexbrindes.com.br\/site\/wp-json\/wp\/v2\/product\/2752","targetHints":{"allow":["GET"]}}],"collection":[{"href":"https:\/\/comexbrindes.com.br\/site\/wp-json\/wp\/v2\/product"}],"about":[{"href":"https:\/\/comexbrindes.com.br\/site\/wp-json\/wp\/v2\/types\/product"}],"version-history":[{"count":3,"href":"https:\/\/comexbrindes.com.br\/site\/wp-json\/wp\/v2\/product\/2752\/revisions"}],"predecessor-version":[{"id":2756,"href":"https:\/\/comexbrindes.com.br\/site\/wp-json\/wp\/v2\/product\/2752\/revisions\/2756"}],"wp:featuredmedia":[{"embeddable":true,"href":"https:\/\/comexbrindes.com.br\/site\/wp-json\/wp\/v2\/media\/7662"}],"wp:attachment":[{"href":"https:\/\/comexbrindes.com.br\/site\/wp-json\/wp\/v2\/media?parent=2752"}],"wp:term":[{"taxonomy":"product_cat","embeddable":true,"href":"https:\/\/comexbrindes.com.br\/site\/wp-json\/wp\/v2\/product_cat?post=2752"},{"taxonomy":"product_tag","embeddable":true,"href":"https:\/\/comexbrindes.com.br\/site\/wp-json\/wp\/v2\/product_tag?post=2752"}],"curies":[{"name":"wp","href":"https:\/\/api.w.org\/{rel}","templated":true}]}}