{"id":2719,"date":"2024-04-19T12:50:22","date_gmt":"2024-04-19T12:50:22","guid":{"rendered":"https:\/\/comexbrindes.com.br\/site\/?post_type=product&#038;p=2719"},"modified":"2026-01-26T17:57:28","modified_gmt":"2026-01-26T17:57:28","slug":"chaveiro-inox-mosquetao-zbx-19121","status":"publish","type":"product","link":"https:\/\/comexbrindes.com.br\/site\/produto\/chaveiro-inox-mosquetao-zbx-19121\/","title":{"rendered":"04 CHAVEIRO INOX MOSQUET\u00c3O &#8211; BX.19121"},"content":{"rendered":"<ul>\n<li>Chaveiro inox mosquet\u00e3o.<\/li>\n<li>Argola, mosquet\u00e3o.<\/li>\n<li><strong>Tamanho:<\/strong> 5,1 x 2,5 cm.<\/li>\n<li><strong>Grava\u00e7\u00e3o:<\/strong>\u00a0a laser 1 lado.<\/li>\n<li>Opcional segundo lado, consulte valor.<\/li>\n<li>Embalagem individual.<\/li>\n<\/ul>\n","protected":false},"excerpt":{"rendered":"<p>Chaveiro inox mosquet\u00e3o. Argola, mosquet\u00e3o. Tamanho: 5,1 x 2,5 cm. Grava\u00e7\u00e3o:\u00a0a laser 1 lado. Opcional segundo lado, consulte valor. Embalagem individual.<\/p>\n","protected":false},"featured_media":7663,"template":"","meta":[],"product_cat":[63],"product_tag":[],"class_list":{"0":"post-2719","1":"product","2":"type-product","3":"status-publish","4":"has-post-thumbnail","6":"product_cat-chaveiros","8":"first","9":"instock","10":"shipping-taxable","11":"product-type-variable"},"_links":{"self":[{"href":"https:\/\/comexbrindes.com.br\/site\/wp-json\/wp\/v2\/product\/2719","targetHints":{"allow":["GET"]}}],"collection":[{"href":"https:\/\/comexbrindes.com.br\/site\/wp-json\/wp\/v2\/product"}],"about":[{"href":"https:\/\/comexbrindes.com.br\/site\/wp-json\/wp\/v2\/types\/product"}],"version-history":[{"count":4,"href":"https:\/\/comexbrindes.com.br\/site\/wp-json\/wp\/v2\/product\/2719\/revisions"}],"predecessor-version":[{"id":8265,"href":"https:\/\/comexbrindes.com.br\/site\/wp-json\/wp\/v2\/product\/2719\/revisions\/8265"}],"wp:featuredmedia":[{"embeddable":true,"href":"https:\/\/comexbrindes.com.br\/site\/wp-json\/wp\/v2\/media\/7663"}],"wp:attachment":[{"href":"https:\/\/comexbrindes.com.br\/site\/wp-json\/wp\/v2\/media?parent=2719"}],"wp:term":[{"taxonomy":"product_cat","embeddable":true,"href":"https:\/\/comexbrindes.com.br\/site\/wp-json\/wp\/v2\/product_cat?post=2719"},{"taxonomy":"product_tag","embeddable":true,"href":"https:\/\/comexbrindes.com.br\/site\/wp-json\/wp\/v2\/product_tag?post=2719"}],"curies":[{"name":"wp","href":"https:\/\/api.w.org\/{rel}","templated":true}]}}