{"id":2706,"date":"2024-04-19T12:33:43","date_gmt":"2024-04-19T12:33:43","guid":{"rendered":"https:\/\/comexbrindes.com.br\/site\/?post_type=product&#038;p=2706"},"modified":"2026-01-26T18:00:57","modified_gmt":"2026-01-26T18:00:57","slug":"chaveiro-inox-redondo-zbx-55610","status":"publish","type":"product","link":"https:\/\/comexbrindes.com.br\/site\/produto\/chaveiro-inox-redondo-zbx-55610\/","title":{"rendered":"05 CHAVEIRO INOX REDONDO &#8211; BX.55610"},"content":{"rendered":"<ul>\n<li>Chaveiro inox redondo brilhante.<\/li>\n<li><strong>Tamanho:<\/strong> 7,2 x 3,7 x 0,5 cm.<\/li>\n<li><strong>Grava\u00e7\u00e3o:<\/strong> a laser, 1 posi\u00e7\u00e3o.<\/li>\n<li>Estojo preto unit\u00e1rio.<\/li>\n<\/ul>\n","protected":false},"excerpt":{"rendered":"<p>Chaveiro inox redondo brilhante. Tamanho: 7,2 x 3,7 x 0,5 cm. Grava\u00e7\u00e3o: a laser, 1 posi\u00e7\u00e3o. Estojo preto unit\u00e1rio.<\/p>\n","protected":false},"featured_media":6089,"template":"","meta":[],"product_cat":[63],"product_tag":[],"class_list":{"0":"post-2706","1":"product","2":"type-product","3":"status-publish","4":"has-post-thumbnail","6":"product_cat-chaveiros","8":"first","9":"instock","10":"shipping-taxable","11":"product-type-variable"},"_links":{"self":[{"href":"https:\/\/comexbrindes.com.br\/site\/wp-json\/wp\/v2\/product\/2706","targetHints":{"allow":["GET"]}}],"collection":[{"href":"https:\/\/comexbrindes.com.br\/site\/wp-json\/wp\/v2\/product"}],"about":[{"href":"https:\/\/comexbrindes.com.br\/site\/wp-json\/wp\/v2\/types\/product"}],"version-history":[{"count":5,"href":"https:\/\/comexbrindes.com.br\/site\/wp-json\/wp\/v2\/product\/2706\/revisions"}],"predecessor-version":[{"id":8266,"href":"https:\/\/comexbrindes.com.br\/site\/wp-json\/wp\/v2\/product\/2706\/revisions\/8266"}],"wp:featuredmedia":[{"embeddable":true,"href":"https:\/\/comexbrindes.com.br\/site\/wp-json\/wp\/v2\/media\/6089"}],"wp:attachment":[{"href":"https:\/\/comexbrindes.com.br\/site\/wp-json\/wp\/v2\/media?parent=2706"}],"wp:term":[{"taxonomy":"product_cat","embeddable":true,"href":"https:\/\/comexbrindes.com.br\/site\/wp-json\/wp\/v2\/product_cat?post=2706"},{"taxonomy":"product_tag","embeddable":true,"href":"https:\/\/comexbrindes.com.br\/site\/wp-json\/wp\/v2\/product_tag?post=2706"}],"curies":[{"name":"wp","href":"https:\/\/api.w.org\/{rel}","templated":true}]}}