{"id":2692,"date":"2024-04-19T12:28:41","date_gmt":"2024-04-19T12:28:41","guid":{"rendered":"https:\/\/comexbrindes.com.br\/site\/?post_type=product&#038;p=2692"},"modified":"2024-12-05T20:45:43","modified_gmt":"2024-12-05T20:45:43","slug":"chaveiro-metal-e-poliester-as-8050-hc","status":"publish","type":"product","link":"https:\/\/comexbrindes.com.br\/site\/produto\/chaveiro-metal-e-poliester-as-8050-hc\/","title":{"rendered":"08 CHAVEIRO METAL FOSCO E POLI\u00c9STER &#8211; AS.8050"},"content":{"rendered":"<ul>\n<li>Chaveiro metal fosco e poli\u00e9ster.<\/li>\n<li><strong>Tamanho:<\/strong> 8,5 x 3,2 x 0,5 cm.<\/li>\n<li><strong>Cores<\/strong> preto, vermelho, cinza e azul.<\/li>\n<li><strong>Grava\u00e7\u00e3o:<\/strong> a laser, 1 lado.<\/li>\n<li>Embalagem estojo preto.<\/li>\n<\/ul>\n","protected":false},"excerpt":{"rendered":"<p>Chaveiro metal fosco e poli\u00e9ster. Tamanho: 8,5 x 3,2 x 0,5 cm. Cores preto, vermelho, cinza e azul. Grava\u00e7\u00e3o: a laser, 1 lado. Embalagem estojo preto.<\/p>\n","protected":false},"featured_media":6104,"template":"","meta":[],"product_cat":[63],"product_tag":[],"class_list":{"0":"post-2692","1":"product","2":"type-product","3":"status-publish","4":"has-post-thumbnail","6":"product_cat-chaveiros","8":"first","9":"instock","10":"shipping-taxable","11":"product-type-variable"},"_links":{"self":[{"href":"https:\/\/comexbrindes.com.br\/site\/wp-json\/wp\/v2\/product\/2692","targetHints":{"allow":["GET"]}}],"collection":[{"href":"https:\/\/comexbrindes.com.br\/site\/wp-json\/wp\/v2\/product"}],"about":[{"href":"https:\/\/comexbrindes.com.br\/site\/wp-json\/wp\/v2\/types\/product"}],"version-history":[{"count":6,"href":"https:\/\/comexbrindes.com.br\/site\/wp-json\/wp\/v2\/product\/2692\/revisions"}],"predecessor-version":[{"id":6107,"href":"https:\/\/comexbrindes.com.br\/site\/wp-json\/wp\/v2\/product\/2692\/revisions\/6107"}],"wp:featuredmedia":[{"embeddable":true,"href":"https:\/\/comexbrindes.com.br\/site\/wp-json\/wp\/v2\/media\/6104"}],"wp:attachment":[{"href":"https:\/\/comexbrindes.com.br\/site\/wp-json\/wp\/v2\/media?parent=2692"}],"wp:term":[{"taxonomy":"product_cat","embeddable":true,"href":"https:\/\/comexbrindes.com.br\/site\/wp-json\/wp\/v2\/product_cat?post=2692"},{"taxonomy":"product_tag","embeddable":true,"href":"https:\/\/comexbrindes.com.br\/site\/wp-json\/wp\/v2\/product_tag?post=2692"}],"curies":[{"name":"wp","href":"https:\/\/api.w.org\/{rel}","templated":true}]}}