{"id":2686,"date":"2024-04-19T12:19:10","date_gmt":"2024-04-19T12:19:10","guid":{"rendered":"https:\/\/comexbrindes.com.br\/site\/?post_type=product&#038;p=2686"},"modified":"2026-01-23T20:49:28","modified_gmt":"2026-01-23T20:49:28","slug":"bolsa-termica-nylon-14l-zbx-30681","status":"publish","type":"product","link":"https:\/\/comexbrindes.com.br\/site\/produto\/bolsa-termica-nylon-14l-zbx-30681\/","title":{"rendered":"04 BOLSA T\u00c9RMICA 14L &#8211; BX.30681"},"content":{"rendered":"<ul>\n<li>Bolsa t\u00e9rmica, 14L, nylon<\/li>\n<li>Bolso frontal e bolsos laterais em malha<\/li>\n<li>Compartimento principal com revestimento t\u00e9rmico soldado antivazamento<\/li>\n<li>Al\u00e7as de m\u00e3os com suporte de juntura, acompanha al\u00e7a transversal<\/li>\n<li><strong>Tamanho:<\/strong> 24 x 30 x 20 cm<\/li>\n<li><strong>Cor<\/strong> cinza<\/li>\n<li><strong>Grava\u00e7\u00e3o:<\/strong> tampografia 1 cor, 1 lado<\/li>\n<\/ul>\n<p>&nbsp;<\/p>\n<p>&nbsp;<\/p>\n<p>&nbsp;<\/p>\n","protected":false},"excerpt":{"rendered":"<p>Bolsa t\u00e9rmica, 14L, nylon Bolso frontal e bolsos laterais em malha Compartimento principal com revestimento t\u00e9rmico soldado antivazamento Al\u00e7as de m\u00e3os com suporte de juntura, acompanha al\u00e7a transversal Tamanho: 24 x 30 x 20 cm Cor cinza Grava\u00e7\u00e3o: tampografia 1 cor, 1 lado &nbsp; &nbsp; &nbsp;<\/p>\n","protected":false},"featured_media":5492,"template":"","meta":[],"product_cat":[61],"product_tag":[],"class_list":{"0":"post-2686","1":"product","2":"type-product","3":"status-publish","4":"has-post-thumbnail","6":"product_cat-bolsas-termicas","8":"first","9":"instock","10":"shipping-taxable","11":"product-type-variable"},"_links":{"self":[{"href":"https:\/\/comexbrindes.com.br\/site\/wp-json\/wp\/v2\/product\/2686","targetHints":{"allow":["GET"]}}],"collection":[{"href":"https:\/\/comexbrindes.com.br\/site\/wp-json\/wp\/v2\/product"}],"about":[{"href":"https:\/\/comexbrindes.com.br\/site\/wp-json\/wp\/v2\/types\/product"}],"version-history":[{"count":6,"href":"https:\/\/comexbrindes.com.br\/site\/wp-json\/wp\/v2\/product\/2686\/revisions"}],"predecessor-version":[{"id":8256,"href":"https:\/\/comexbrindes.com.br\/site\/wp-json\/wp\/v2\/product\/2686\/revisions\/8256"}],"wp:featuredmedia":[{"embeddable":true,"href":"https:\/\/comexbrindes.com.br\/site\/wp-json\/wp\/v2\/media\/5492"}],"wp:attachment":[{"href":"https:\/\/comexbrindes.com.br\/site\/wp-json\/wp\/v2\/media?parent=2686"}],"wp:term":[{"taxonomy":"product_cat","embeddable":true,"href":"https:\/\/comexbrindes.com.br\/site\/wp-json\/wp\/v2\/product_cat?post=2686"},{"taxonomy":"product_tag","embeddable":true,"href":"https:\/\/comexbrindes.com.br\/site\/wp-json\/wp\/v2\/product_tag?post=2686"}],"curies":[{"name":"wp","href":"https:\/\/api.w.org\/{rel}","templated":true}]}}