{"id":2667,"date":"2024-04-19T12:11:58","date_gmt":"2024-04-19T12:11:58","guid":{"rendered":"https:\/\/comexbrindes.com.br\/site\/?post_type=product&#038;p=2667"},"modified":"2026-02-04T17:28:57","modified_gmt":"2026-02-04T17:28:57","slug":"bolsa-termica-dupla-16l-zbx-28440","status":"publish","type":"product","link":"https:\/\/comexbrindes.com.br\/site\/produto\/bolsa-termica-dupla-16l-zbx-28440\/","title":{"rendered":"01 BOLSA T\u00c9RMICA DUPLA 16L &#8211; BX.28440"},"content":{"rendered":"<ul>\n<li>Bolsa t\u00e9rmica dupla, nylon, 16L<\/li>\n<li>com tr\u00eas compartimentos<\/li>\n<li>Dois compartimentos t\u00e9rmicos isolados, costura soldada antivazamento<\/li>\n<li>Al\u00e7a de m\u00e3o com pegador pl\u00e1stico, bolsos laterais em malha e acompanha al\u00e7a transversal<\/li>\n<li>Somente na cor cinza<\/li>\n<li><strong>Tamanho<\/strong> 30 x 20 x 27 cm<\/li>\n<li><strong>Grava\u00e7\u00e3o<\/strong> tampografia 1 cor, 1 lado<\/li>\n<\/ul>\n<p>&nbsp;<\/p>\n","protected":false},"excerpt":{"rendered":"<p>Bolsa t\u00e9rmica dupla, nylon, 16L com tr\u00eas compartimentos Dois compartimentos t\u00e9rmicos isolados, costura soldada antivazamento Al\u00e7a de m\u00e3o com pegador pl\u00e1stico, bolsos laterais em malha e acompanha al\u00e7a transversal Somente na cor cinza Tamanho 30 x 20 x 27 cm Grava\u00e7\u00e3o tampografia 1 cor, 1 lado &nbsp;<\/p>\n","protected":false},"featured_media":7839,"template":"","meta":[],"product_cat":[61],"product_tag":[],"class_list":{"0":"post-2667","1":"product","2":"type-product","3":"status-publish","4":"has-post-thumbnail","6":"product_cat-bolsas-termicas","8":"first","9":"instock","10":"shipping-taxable","11":"product-type-variable"},"_links":{"self":[{"href":"https:\/\/comexbrindes.com.br\/site\/wp-json\/wp\/v2\/product\/2667","targetHints":{"allow":["GET"]}}],"collection":[{"href":"https:\/\/comexbrindes.com.br\/site\/wp-json\/wp\/v2\/product"}],"about":[{"href":"https:\/\/comexbrindes.com.br\/site\/wp-json\/wp\/v2\/types\/product"}],"version-history":[{"count":8,"href":"https:\/\/comexbrindes.com.br\/site\/wp-json\/wp\/v2\/product\/2667\/revisions"}],"predecessor-version":[{"id":8362,"href":"https:\/\/comexbrindes.com.br\/site\/wp-json\/wp\/v2\/product\/2667\/revisions\/8362"}],"wp:featuredmedia":[{"embeddable":true,"href":"https:\/\/comexbrindes.com.br\/site\/wp-json\/wp\/v2\/media\/7839"}],"wp:attachment":[{"href":"https:\/\/comexbrindes.com.br\/site\/wp-json\/wp\/v2\/media?parent=2667"}],"wp:term":[{"taxonomy":"product_cat","embeddable":true,"href":"https:\/\/comexbrindes.com.br\/site\/wp-json\/wp\/v2\/product_cat?post=2667"},{"taxonomy":"product_tag","embeddable":true,"href":"https:\/\/comexbrindes.com.br\/site\/wp-json\/wp\/v2\/product_tag?post=2667"}],"curies":[{"name":"wp","href":"https:\/\/api.w.org\/{rel}","templated":true}]}}