{"id":2659,"date":"2024-04-19T11:39:19","date_gmt":"2024-04-19T11:39:19","guid":{"rendered":"https:\/\/comexbrindes.com.br\/site\/?post_type=product&#038;p=2659"},"modified":"2026-02-20T17:13:00","modified_gmt":"2026-02-20T17:13:00","slug":"tabua-kit-queijo-5-pecas-180x277x35cm-zbx-22250","status":"publish","type":"product","link":"https:\/\/comexbrindes.com.br\/site\/produto\/tabua-kit-queijo-5-pecas-180x277x35cm-zbx-22250\/","title":{"rendered":"T\u00c1BUA KIT QUEIJO 5 PE\u00c7AS &#8211; BX.22250"},"content":{"rendered":"<ul>\n<li>T\u00e1bua kit queijo<\/li>\n<li>5 pe\u00e7as, 2 facas, garfo e esp\u00e1tula<\/li>\n<li>Gaveta para acomoda\u00e7\u00e3o dos utens\u00edlios<\/li>\n<li><strong>Tamanho:<\/strong> 18,0 x 27,7 x 3,5 cm<\/li>\n<li><strong>Grava\u00e7\u00e3o<\/strong> tampografia na tampa, 1 cor, 1 posi\u00e7\u00e3o<\/li>\n<li>Embalagem papel\u00e3o unit\u00e1rio<\/li>\n<\/ul>\n","protected":false},"excerpt":{"rendered":"<p>T\u00e1bua kit queijo 5 pe\u00e7as, 2 facas, garfo e esp\u00e1tula Gaveta para acomoda\u00e7\u00e3o dos utens\u00edlios Tamanho: 18,0 x 27,7 x 3,5 cm Grava\u00e7\u00e3o tampografia na tampa, 1 cor, 1 posi\u00e7\u00e3o Embalagem papel\u00e3o unit\u00e1rio<\/p>\n","protected":false},"featured_media":7702,"template":"","meta":[],"product_cat":[95],"product_tag":[],"class_list":{"0":"post-2659","1":"product","2":"type-product","3":"status-publish","4":"has-post-thumbnail","6":"product_cat-queijo-vinho","8":"first","9":"instock","10":"shipping-taxable","11":"product-type-variable"},"_links":{"self":[{"href":"https:\/\/comexbrindes.com.br\/site\/wp-json\/wp\/v2\/product\/2659","targetHints":{"allow":["GET"]}}],"collection":[{"href":"https:\/\/comexbrindes.com.br\/site\/wp-json\/wp\/v2\/product"}],"about":[{"href":"https:\/\/comexbrindes.com.br\/site\/wp-json\/wp\/v2\/types\/product"}],"version-history":[{"count":8,"href":"https:\/\/comexbrindes.com.br\/site\/wp-json\/wp\/v2\/product\/2659\/revisions"}],"predecessor-version":[{"id":8452,"href":"https:\/\/comexbrindes.com.br\/site\/wp-json\/wp\/v2\/product\/2659\/revisions\/8452"}],"wp:featuredmedia":[{"embeddable":true,"href":"https:\/\/comexbrindes.com.br\/site\/wp-json\/wp\/v2\/media\/7702"}],"wp:attachment":[{"href":"https:\/\/comexbrindes.com.br\/site\/wp-json\/wp\/v2\/media?parent=2659"}],"wp:term":[{"taxonomy":"product_cat","embeddable":true,"href":"https:\/\/comexbrindes.com.br\/site\/wp-json\/wp\/v2\/product_cat?post=2659"},{"taxonomy":"product_tag","embeddable":true,"href":"https:\/\/comexbrindes.com.br\/site\/wp-json\/wp\/v2\/product_tag?post=2659"}],"curies":[{"name":"wp","href":"https:\/\/api.w.org\/{rel}","templated":true}]}}