{"id":2654,"date":"2024-04-18T18:59:39","date_gmt":"2024-04-18T18:59:39","guid":{"rendered":"https:\/\/comexbrindes.com.br\/site\/?post_type=product&#038;p=2654"},"modified":"2025-01-28T13:54:36","modified_gmt":"2025-01-28T13:54:36","slug":"sacola-cooler-12l-mc-sc12","status":"publish","type":"product","link":"https:\/\/comexbrindes.com.br\/site\/produto\/sacola-cooler-12l-mc-sc12\/","title":{"rendered":"05 SACOLA COOLER 12L &#8211; MC.SC12"},"content":{"rendered":"<ul>\n<li>Sacola cooler.<\/li>\n<li>100% pl\u00e1stico PP.<\/li>\n<li>Para transportar bebidas ou alimentos gelados, resistente, n\u00e3o vaza.<\/li>\n<li>Al\u00e7as detalhe colorido.<\/li>\n<li><strong>Tamanho:<\/strong> 43,0 x 41,0 x 21,0 cm.<\/li>\n<li><strong>Grava\u00e7\u00e3o<\/strong> tampografia at\u00e9 2 cores, 01 lado.<\/li>\n<\/ul>\n","protected":false},"excerpt":{"rendered":"<p>Sacola cooler. 100% pl\u00e1stico PP. Para transportar bebidas ou alimentos gelados, resistente, n\u00e3o vaza. Al\u00e7as detalhe colorido. Tamanho: 43,0 x 41,0 x 21,0 cm. Grava\u00e7\u00e3o tampografia at\u00e9 2 cores, 01 lado.<\/p>\n","protected":false},"featured_media":6909,"template":"","meta":[],"product_cat":[60],"product_tag":[],"class_list":{"0":"post-2654","1":"product","2":"type-product","3":"status-publish","4":"has-post-thumbnail","6":"product_cat-bar","8":"first","9":"instock","10":"shipping-taxable","11":"product-type-variable"},"_links":{"self":[{"href":"https:\/\/comexbrindes.com.br\/site\/wp-json\/wp\/v2\/product\/2654","targetHints":{"allow":["GET"]}}],"collection":[{"href":"https:\/\/comexbrindes.com.br\/site\/wp-json\/wp\/v2\/product"}],"about":[{"href":"https:\/\/comexbrindes.com.br\/site\/wp-json\/wp\/v2\/types\/product"}],"version-history":[{"count":3,"href":"https:\/\/comexbrindes.com.br\/site\/wp-json\/wp\/v2\/product\/2654\/revisions"}],"predecessor-version":[{"id":5756,"href":"https:\/\/comexbrindes.com.br\/site\/wp-json\/wp\/v2\/product\/2654\/revisions\/5756"}],"wp:featuredmedia":[{"embeddable":true,"href":"https:\/\/comexbrindes.com.br\/site\/wp-json\/wp\/v2\/media\/6909"}],"wp:attachment":[{"href":"https:\/\/comexbrindes.com.br\/site\/wp-json\/wp\/v2\/media?parent=2654"}],"wp:term":[{"taxonomy":"product_cat","embeddable":true,"href":"https:\/\/comexbrindes.com.br\/site\/wp-json\/wp\/v2\/product_cat?post=2654"},{"taxonomy":"product_tag","embeddable":true,"href":"https:\/\/comexbrindes.com.br\/site\/wp-json\/wp\/v2\/product_tag?post=2654"}],"curies":[{"name":"wp","href":"https:\/\/api.w.org\/{rel}","templated":true}]}}