{"id":2651,"date":"2024-04-18T18:58:11","date_gmt":"2024-04-18T18:58:11","guid":{"rendered":"https:\/\/comexbrindes.com.br\/site\/?post_type=product&#038;p=2651"},"modified":"2026-01-23T20:10:32","modified_gmt":"2026-01-23T20:10:32","slug":"sacola-bag-de-gelo-para-bebidas-zbx-33431-tra","status":"publish","type":"product","link":"https:\/\/comexbrindes.com.br\/site\/produto\/sacola-bag-de-gelo-para-bebidas-zbx-33431-tra\/","title":{"rendered":"25 &#8211; SACOLA BAG DE GELO PARA BEBIDAS &#8211; BX.33431-TRA"},"content":{"rendered":"<ul>\n<li>Sacola pl\u00e1stica para gelo com al\u00e7a.<\/li>\n<li>Icebag serve para transportar garrafas exemplo: vinho, champagne, vodka&#8230;<\/li>\n<li>Colocar gelo e transportar seu cooler pr\u00e1tico.<\/li>\n<li>OBS.: Para prolongar a vida \u00fatil do material pvc, atente-se as condi\u00e7\u00f5es ideais de armazenamento.<\/li>\n<li>Mantenha o material em local seco e arejado, livre da exposi\u00e7\u00e3o ao sol e altas temperaturas.<\/li>\n<li>Ap\u00f3s a utiliza\u00e7\u00e3o da icebag com gelo, certifique-se de secar completamente o material antes de guard\u00e1-lo.<\/li>\n<li><strong>Tamanho:<\/strong> <span class=\"desc-sub\">29,5 x <\/span><span class=\"desc-sub\">12 x <\/span>10 cm<\/li>\n<li><strong>Grava\u00e7\u00e3o:<\/strong> Tampografia 1 cor, 1 lado<\/li>\n<\/ul>\n<p>&nbsp;<\/p>\n","protected":false},"excerpt":{"rendered":"<p>Sacola pl\u00e1stica para gelo com al\u00e7a. Icebag serve para transportar garrafas exemplo: vinho, champagne, vodka&#8230; Colocar gelo e transportar seu cooler pr\u00e1tico. OBS.: Para prolongar a vida \u00fatil do material pvc, atente-se as condi\u00e7\u00f5es ideais de armazenamento. Mantenha o material em local seco e arejado, livre da exposi\u00e7\u00e3o ao sol e altas temperaturas. Ap\u00f3s a [&hellip;]<\/p>\n","protected":false},"featured_media":7352,"template":"","meta":[],"product_cat":[60],"product_tag":[],"class_list":{"0":"post-2651","1":"product","2":"type-product","3":"status-publish","4":"has-post-thumbnail","6":"product_cat-bar","8":"first","9":"instock","10":"shipping-taxable","11":"product-type-variable"},"_links":{"self":[{"href":"https:\/\/comexbrindes.com.br\/site\/wp-json\/wp\/v2\/product\/2651","targetHints":{"allow":["GET"]}}],"collection":[{"href":"https:\/\/comexbrindes.com.br\/site\/wp-json\/wp\/v2\/product"}],"about":[{"href":"https:\/\/comexbrindes.com.br\/site\/wp-json\/wp\/v2\/types\/product"}],"version-history":[{"count":6,"href":"https:\/\/comexbrindes.com.br\/site\/wp-json\/wp\/v2\/product\/2651\/revisions"}],"predecessor-version":[{"id":8245,"href":"https:\/\/comexbrindes.com.br\/site\/wp-json\/wp\/v2\/product\/2651\/revisions\/8245"}],"wp:featuredmedia":[{"embeddable":true,"href":"https:\/\/comexbrindes.com.br\/site\/wp-json\/wp\/v2\/media\/7352"}],"wp:attachment":[{"href":"https:\/\/comexbrindes.com.br\/site\/wp-json\/wp\/v2\/media?parent=2651"}],"wp:term":[{"taxonomy":"product_cat","embeddable":true,"href":"https:\/\/comexbrindes.com.br\/site\/wp-json\/wp\/v2\/product_cat?post=2651"},{"taxonomy":"product_tag","embeddable":true,"href":"https:\/\/comexbrindes.com.br\/site\/wp-json\/wp\/v2\/product_tag?post=2651"}],"curies":[{"name":"wp","href":"https:\/\/api.w.org\/{rel}","templated":true}]}}