{"id":2649,"date":"2024-04-18T18:53:59","date_gmt":"2024-04-18T18:53:59","guid":{"rendered":"https:\/\/comexbrindes.com.br\/site\/?post_type=product&#038;p=2649"},"modified":"2026-02-20T17:27:27","modified_gmt":"2026-02-20T17:27:27","slug":"saca-rolhas-abridor-e-canivete-preto-sp-71149","status":"publish","type":"product","link":"https:\/\/comexbrindes.com.br\/site\/produto\/saca-rolhas-abridor-e-canivete-preto-sp-71149\/","title":{"rendered":"SACA ROLHAS ABRIDOR &#8211; SP.71149"},"content":{"rendered":"<ul>\n<li>Saca-rolhas em metal e PP<\/li>\n<li>Com abridor de garrafas e canivete de sommelier<\/li>\n<li>Espiral em a\u00e7o inox<\/li>\n<li><strong>Tamanho:<\/strong> 12,1 x 2,0 x 1,2 cm<\/li>\n<li><strong>Cores:<\/strong> azul, preto, vermelho e banco<\/li>\n<li><strong>Grava\u00e7\u00e3o:<\/strong> tampografia 1 cor, 1 lado<\/li>\n<\/ul>\n","protected":false},"excerpt":{"rendered":"<p>Saca-rolhas em metal e PP Com abridor de garrafas e canivete de sommelier Espiral em a\u00e7o inox Tamanho: 12,1 x 2,0 x 1,2 cm Cores: azul, preto, vermelho e banco Grava\u00e7\u00e3o: tampografia 1 cor, 1 lado<\/p>\n","protected":false},"featured_media":7738,"template":"","meta":[],"product_cat":[95,60],"product_tag":[],"class_list":{"0":"post-2649","1":"product","2":"type-product","3":"status-publish","4":"has-post-thumbnail","6":"product_cat-queijo-vinho","7":"product_cat-bar","9":"first","10":"instock","11":"shipping-taxable","12":"product-type-variable"},"_links":{"self":[{"href":"https:\/\/comexbrindes.com.br\/site\/wp-json\/wp\/v2\/product\/2649","targetHints":{"allow":["GET"]}}],"collection":[{"href":"https:\/\/comexbrindes.com.br\/site\/wp-json\/wp\/v2\/product"}],"about":[{"href":"https:\/\/comexbrindes.com.br\/site\/wp-json\/wp\/v2\/types\/product"}],"version-history":[{"count":8,"href":"https:\/\/comexbrindes.com.br\/site\/wp-json\/wp\/v2\/product\/2649\/revisions"}],"predecessor-version":[{"id":8461,"href":"https:\/\/comexbrindes.com.br\/site\/wp-json\/wp\/v2\/product\/2649\/revisions\/8461"}],"wp:featuredmedia":[{"embeddable":true,"href":"https:\/\/comexbrindes.com.br\/site\/wp-json\/wp\/v2\/media\/7738"}],"wp:attachment":[{"href":"https:\/\/comexbrindes.com.br\/site\/wp-json\/wp\/v2\/media?parent=2649"}],"wp:term":[{"taxonomy":"product_cat","embeddable":true,"href":"https:\/\/comexbrindes.com.br\/site\/wp-json\/wp\/v2\/product_cat?post=2649"},{"taxonomy":"product_tag","embeddable":true,"href":"https:\/\/comexbrindes.com.br\/site\/wp-json\/wp\/v2\/product_tag?post=2649"}],"curies":[{"name":"wp","href":"https:\/\/api.w.org\/{rel}","templated":true}]}}