{"id":2647,"date":"2024-04-18T18:51:56","date_gmt":"2024-04-18T18:51:56","guid":{"rendered":"https:\/\/comexbrindes.com.br\/site\/?post_type=product&#038;p=2647"},"modified":"2026-02-20T17:21:33","modified_gmt":"2026-02-20T17:21:33","slug":"saca-rolhas-eletrico-com-led-botao-extracao-e-remocao-de-rolhas-zbx-06581","status":"publish","type":"product","link":"https:\/\/comexbrindes.com.br\/site\/produto\/saca-rolhas-eletrico-com-led-botao-extracao-e-remocao-de-rolhas-zbx-06581\/","title":{"rendered":"SACA ROLHAS EL\u00c9TRICO &#8211; BX.06581"},"content":{"rendered":"<ul>\n<li>Saca rolhas el\u00e9trico com LED e cortador de lacre<\/li>\n<li>Parte superior em alum\u00ednio e parte inferior acr\u00edlica<\/li>\n<li><span class=\"desc-sub my-desc-sub\">Possui compartimento superior com tampa para 4 pilhas AA (n\u00e3o acompanha pilhas)<\/span><\/li>\n<li>Bot\u00e3o extra\u00e7\u00e3o e remo\u00e7\u00e3o de rolhas<\/li>\n<li><span class=\"desc-sub my-desc-sub\">Acompanha cortador de lacre<\/span><\/li>\n<li><strong>Tamanho:<\/strong> 25,2 x 4,8 cm<\/li>\n<li><strong>Cores:<\/strong> cinza, azul, vermelho e preto<\/li>\n<li><strong>Grava\u00e7\u00e3o<\/strong> a laser, 1 lado<\/li>\n<li><strong><span class=\"desc-sub my-desc-sub\">OBS.: N\u00e3o afundar o produto na \u00e1gua ou qualquer outro tipo de l\u00edquido<\/span><\/strong><\/li>\n<\/ul>\n<div class=\"desc\">\n<p class=\"desc-tit\">\n<\/div>\n","protected":false},"excerpt":{"rendered":"<p>Saca rolhas el\u00e9trico com LED e cortador de lacre Parte superior em alum\u00ednio e parte inferior acr\u00edlica Possui compartimento superior com tampa para 4 pilhas AA (n\u00e3o acompanha pilhas) Bot\u00e3o extra\u00e7\u00e3o e remo\u00e7\u00e3o de rolhas Acompanha cortador de lacre Tamanho: 25,2 x 4,8 cm Cores: cinza, azul, vermelho e preto Grava\u00e7\u00e3o a laser, 1 lado [&hellip;]<\/p>\n","protected":false},"featured_media":2586,"template":"","meta":[],"product_cat":[95],"product_tag":[],"class_list":{"0":"post-2647","1":"product","2":"type-product","3":"status-publish","4":"has-post-thumbnail","6":"product_cat-queijo-vinho","8":"first","9":"instock","10":"shipping-taxable","11":"product-type-variable"},"_links":{"self":[{"href":"https:\/\/comexbrindes.com.br\/site\/wp-json\/wp\/v2\/product\/2647","targetHints":{"allow":["GET"]}}],"collection":[{"href":"https:\/\/comexbrindes.com.br\/site\/wp-json\/wp\/v2\/product"}],"about":[{"href":"https:\/\/comexbrindes.com.br\/site\/wp-json\/wp\/v2\/types\/product"}],"version-history":[{"count":9,"href":"https:\/\/comexbrindes.com.br\/site\/wp-json\/wp\/v2\/product\/2647\/revisions"}],"predecessor-version":[{"id":8459,"href":"https:\/\/comexbrindes.com.br\/site\/wp-json\/wp\/v2\/product\/2647\/revisions\/8459"}],"wp:featuredmedia":[{"embeddable":true,"href":"https:\/\/comexbrindes.com.br\/site\/wp-json\/wp\/v2\/media\/2586"}],"wp:attachment":[{"href":"https:\/\/comexbrindes.com.br\/site\/wp-json\/wp\/v2\/media?parent=2647"}],"wp:term":[{"taxonomy":"product_cat","embeddable":true,"href":"https:\/\/comexbrindes.com.br\/site\/wp-json\/wp\/v2\/product_cat?post=2647"},{"taxonomy":"product_tag","embeddable":true,"href":"https:\/\/comexbrindes.com.br\/site\/wp-json\/wp\/v2\/product_tag?post=2647"}],"curies":[{"name":"wp","href":"https:\/\/api.w.org\/{rel}","templated":true}]}}