{"id":2635,"date":"2024-04-18T18:39:33","date_gmt":"2024-04-18T18:39:33","guid":{"rendered":"https:\/\/comexbrindes.com.br\/site\/?post_type=product&#038;p=2635"},"modified":"2026-02-20T17:08:07","modified_gmt":"2026-02-20T17:08:07","slug":"kit-vinho-caixa-madeira-preto-fosco-5-pecas-pb-198141","status":"publish","type":"product","link":"https:\/\/comexbrindes.com.br\/site\/produto\/kit-vinho-caixa-madeira-preto-fosco-5-pecas-pb-198141\/","title":{"rendered":"KIT VINHO MADEIRA PRETO, 5 PE\u00c7AS &#8211; PB.198141"},"content":{"rendered":"<ul>\n<li>Kit vinho, caixa madeira preto fosco<\/li>\n<li>5 pe\u00e7as: saca rolhas, term\u00f4metro, corta gotas, tampa e dosador<\/li>\n<li><strong>Tamanho:<\/strong> 21 x 15 x 5 cm<\/li>\n<li><strong>Grava\u00e7\u00e3o:<\/strong> tampografia 1 cor na tampa<\/li>\n<\/ul>\n<p>&nbsp;<\/p>\n<p>&nbsp;<\/p>\n","protected":false},"excerpt":{"rendered":"<p>Kit vinho, caixa madeira preto fosco 5 pe\u00e7as: saca rolhas, term\u00f4metro, corta gotas, tampa e dosador Tamanho: 21 x 15 x 5 cm Grava\u00e7\u00e3o: tampografia 1 cor na tampa &nbsp; &nbsp;<\/p>\n","protected":false},"featured_media":7740,"template":"","meta":[],"product_cat":[95],"product_tag":[],"class_list":{"0":"post-2635","1":"product","2":"type-product","3":"status-publish","4":"has-post-thumbnail","6":"product_cat-queijo-vinho","8":"first","9":"instock","10":"shipping-taxable","11":"product-type-variable"},"_links":{"self":[{"href":"https:\/\/comexbrindes.com.br\/site\/wp-json\/wp\/v2\/product\/2635","targetHints":{"allow":["GET"]}}],"collection":[{"href":"https:\/\/comexbrindes.com.br\/site\/wp-json\/wp\/v2\/product"}],"about":[{"href":"https:\/\/comexbrindes.com.br\/site\/wp-json\/wp\/v2\/types\/product"}],"version-history":[{"count":9,"href":"https:\/\/comexbrindes.com.br\/site\/wp-json\/wp\/v2\/product\/2635\/revisions"}],"predecessor-version":[{"id":8455,"href":"https:\/\/comexbrindes.com.br\/site\/wp-json\/wp\/v2\/product\/2635\/revisions\/8455"}],"wp:featuredmedia":[{"embeddable":true,"href":"https:\/\/comexbrindes.com.br\/site\/wp-json\/wp\/v2\/media\/7740"}],"wp:attachment":[{"href":"https:\/\/comexbrindes.com.br\/site\/wp-json\/wp\/v2\/media?parent=2635"}],"wp:term":[{"taxonomy":"product_cat","embeddable":true,"href":"https:\/\/comexbrindes.com.br\/site\/wp-json\/wp\/v2\/product_cat?post=2635"},{"taxonomy":"product_tag","embeddable":true,"href":"https:\/\/comexbrindes.com.br\/site\/wp-json\/wp\/v2\/product_tag?post=2635"}],"curies":[{"name":"wp","href":"https:\/\/api.w.org\/{rel}","templated":true}]}}