{"id":2630,"date":"2024-04-18T18:32:47","date_gmt":"2024-04-18T18:32:47","guid":{"rendered":"https:\/\/comexbrindes.com.br\/site\/?post_type=product&#038;p=2630"},"modified":"2026-02-20T17:17:38","modified_gmt":"2026-02-20T17:17:38","slug":"kit-vinho-4-pecas-madeira-e-inox-estojo-cortica-redondo-sp-91149","status":"publish","type":"product","link":"https:\/\/comexbrindes.com.br\/site\/produto\/kit-vinho-4-pecas-madeira-e-inox-estojo-cortica-redondo-sp-91149\/","title":{"rendered":"KIT VINHO, 4 PE\u00c7AS, ESTOJO CORTI\u00c7A &#8211; SP.91149"},"content":{"rendered":"<ul>\n<li>Estojo corti\u00e7a redondo.<\/li>\n<li>Madeira e inox.<\/li>\n<li>4 pe\u00e7as em madeira e metal: saca-rolhas com canivete de sommelier, gargantilha, salva-gotas com tampa e rolha.<\/li>\n<li>Embalagem<strong> caixa papel\u00e3o.<\/strong><\/li>\n<li><strong>Cor apenas em corti\u00e7a natural.<\/strong><\/li>\n<li><strong>Tamanho:<\/strong> \u00f814,4 x 4,2 cm<\/li>\n<li><strong>Grava\u00e7\u00e3o:<\/strong> tampografia uma cor na tampa.<\/li>\n<\/ul>\n","protected":false},"excerpt":{"rendered":"<p>Estojo corti\u00e7a redondo. Madeira e inox. 4 pe\u00e7as em madeira e metal: saca-rolhas com canivete de sommelier, gargantilha, salva-gotas com tampa e rolha. Embalagem caixa papel\u00e3o. Cor apenas em corti\u00e7a natural. Tamanho: \u00f814,4 x 4,2 cm Grava\u00e7\u00e3o: tampografia uma cor na tampa.<\/p>\n","protected":false},"featured_media":7705,"template":"","meta":[],"product_cat":[95],"product_tag":[],"class_list":{"0":"post-2630","1":"product","2":"type-product","3":"status-publish","4":"has-post-thumbnail","6":"product_cat-queijo-vinho","8":"first","9":"instock","10":"shipping-taxable","11":"product-type-variable"},"_links":{"self":[{"href":"https:\/\/comexbrindes.com.br\/site\/wp-json\/wp\/v2\/product\/2630","targetHints":{"allow":["GET"]}}],"collection":[{"href":"https:\/\/comexbrindes.com.br\/site\/wp-json\/wp\/v2\/product"}],"about":[{"href":"https:\/\/comexbrindes.com.br\/site\/wp-json\/wp\/v2\/types\/product"}],"version-history":[{"count":11,"href":"https:\/\/comexbrindes.com.br\/site\/wp-json\/wp\/v2\/product\/2630\/revisions"}],"predecessor-version":[{"id":8458,"href":"https:\/\/comexbrindes.com.br\/site\/wp-json\/wp\/v2\/product\/2630\/revisions\/8458"}],"wp:featuredmedia":[{"embeddable":true,"href":"https:\/\/comexbrindes.com.br\/site\/wp-json\/wp\/v2\/media\/7705"}],"wp:attachment":[{"href":"https:\/\/comexbrindes.com.br\/site\/wp-json\/wp\/v2\/media?parent=2630"}],"wp:term":[{"taxonomy":"product_cat","embeddable":true,"href":"https:\/\/comexbrindes.com.br\/site\/wp-json\/wp\/v2\/product_cat?post=2630"},{"taxonomy":"product_tag","embeddable":true,"href":"https:\/\/comexbrindes.com.br\/site\/wp-json\/wp\/v2\/product_tag?post=2630"}],"curies":[{"name":"wp","href":"https:\/\/api.w.org\/{rel}","templated":true}]}}