{"id":2628,"date":"2024-04-18T18:31:32","date_gmt":"2024-04-18T18:31:32","guid":{"rendered":"https:\/\/comexbrindes.com.br\/site\/?post_type=product&#038;p=2628"},"modified":"2025-01-28T14:20:18","modified_gmt":"2025-01-28T14:20:18","slug":"kit-porta-copos-bambu-4-pecas-gravacao-a-laser-ou-silk-1-cor-sp-76939","status":"publish","type":"product","link":"https:\/\/comexbrindes.com.br\/site\/produto\/kit-porta-copos-bambu-4-pecas-gravacao-a-laser-ou-silk-1-cor-sp-76939\/","title":{"rendered":"20 KIT PORTA COPOS BAMBU, 4 PE\u00c7AS &#8211; SP.76939"},"content":{"rendered":"<ul>\n<li>Kit porta copos bambu com caixa aberta<\/li>\n<li>estojo 4 pe\u00e7as<\/li>\n<li><strong>Tamanho:<\/strong> 11,5 x 11,5 x 3,5 cm &#8211; base copo 10,0 x 10,0 x 0,6 cm<\/li>\n<li><strong>Grava\u00e7\u00e3o:<\/strong> tampografia, 1 cor, 1 lado<\/li>\n<li>Embalagem kraft inclusa<\/li>\n<\/ul>\n<p>&nbsp;<\/p>\n","protected":false},"excerpt":{"rendered":"<p>Kit porta copos bambu com caixa aberta estojo 4 pe\u00e7as Tamanho: 11,5 x 11,5 x 3,5 cm &#8211; base copo 10,0 x 10,0 x 0,6 cm Grava\u00e7\u00e3o: tampografia, 1 cor, 1 lado Embalagem kraft inclusa &nbsp;<\/p>\n","protected":false},"featured_media":5819,"template":"","meta":[],"product_cat":[60],"product_tag":[],"class_list":{"0":"post-2628","1":"product","2":"type-product","3":"status-publish","4":"has-post-thumbnail","6":"product_cat-bar","8":"first","9":"instock","10":"shipping-taxable","11":"product-type-variable"},"_links":{"self":[{"href":"https:\/\/comexbrindes.com.br\/site\/wp-json\/wp\/v2\/product\/2628","targetHints":{"allow":["GET"]}}],"collection":[{"href":"https:\/\/comexbrindes.com.br\/site\/wp-json\/wp\/v2\/product"}],"about":[{"href":"https:\/\/comexbrindes.com.br\/site\/wp-json\/wp\/v2\/types\/product"}],"version-history":[{"count":6,"href":"https:\/\/comexbrindes.com.br\/site\/wp-json\/wp\/v2\/product\/2628\/revisions"}],"predecessor-version":[{"id":6922,"href":"https:\/\/comexbrindes.com.br\/site\/wp-json\/wp\/v2\/product\/2628\/revisions\/6922"}],"wp:featuredmedia":[{"embeddable":true,"href":"https:\/\/comexbrindes.com.br\/site\/wp-json\/wp\/v2\/media\/5819"}],"wp:attachment":[{"href":"https:\/\/comexbrindes.com.br\/site\/wp-json\/wp\/v2\/media?parent=2628"}],"wp:term":[{"taxonomy":"product_cat","embeddable":true,"href":"https:\/\/comexbrindes.com.br\/site\/wp-json\/wp\/v2\/product_cat?post=2628"},{"taxonomy":"product_tag","embeddable":true,"href":"https:\/\/comexbrindes.com.br\/site\/wp-json\/wp\/v2\/product_tag?post=2628"}],"curies":[{"name":"wp","href":"https:\/\/api.w.org\/{rel}","templated":true}]}}