{"id":2622,"date":"2024-04-18T18:28:44","date_gmt":"2024-04-18T18:28:44","guid":{"rendered":"https:\/\/comexbrindes.com.br\/site\/?post_type=product&#038;p=2622"},"modified":"2025-01-15T17:10:11","modified_gmt":"2025-01-15T17:10:11","slug":"cooler-16-latas-alca-gravacao-aplicacao-de-vinil-uv-cores-mc-16-l","status":"publish","type":"product","link":"https:\/\/comexbrindes.com.br\/site\/produto\/cooler-16-latas-alca-gravacao-aplicacao-de-vinil-uv-cores-mc-16-l\/","title":{"rendered":"03 COOLER, 16 LATAS, AL\u00c7A &#8211; MC.16-L"},"content":{"rendered":"<ul>\n<li>Cooler t\u00e9rmico, 16 latas, al\u00e7a<\/li>\n<li>Tampa nova com rebaixamento para 3 latas ou copos<\/li>\n<li><strong>Grava\u00e7\u00e3o:<\/strong> aplica\u00e7\u00e3o vinil UV cores, 360 graus<\/li>\n<\/ul>\n<p>&nbsp;<\/p>\n<p>&nbsp;<\/p>\n","protected":false},"excerpt":{"rendered":"<p>Cooler t\u00e9rmico, 16 latas, al\u00e7a Tampa nova com rebaixamento para 3 latas ou copos Grava\u00e7\u00e3o: aplica\u00e7\u00e3o vinil UV cores, 360 graus &nbsp; &nbsp;<\/p>\n","protected":false},"featured_media":5796,"template":"","meta":[],"product_cat":[60],"product_tag":[],"class_list":{"0":"post-2622","1":"product","2":"type-product","3":"status-publish","4":"has-post-thumbnail","6":"product_cat-bar","8":"first","9":"instock","10":"shipping-taxable","11":"product-type-variable"},"_links":{"self":[{"href":"https:\/\/comexbrindes.com.br\/site\/wp-json\/wp\/v2\/product\/2622","targetHints":{"allow":["GET"]}}],"collection":[{"href":"https:\/\/comexbrindes.com.br\/site\/wp-json\/wp\/v2\/product"}],"about":[{"href":"https:\/\/comexbrindes.com.br\/site\/wp-json\/wp\/v2\/types\/product"}],"version-history":[{"count":6,"href":"https:\/\/comexbrindes.com.br\/site\/wp-json\/wp\/v2\/product\/2622\/revisions"}],"predecessor-version":[{"id":6521,"href":"https:\/\/comexbrindes.com.br\/site\/wp-json\/wp\/v2\/product\/2622\/revisions\/6521"}],"wp:featuredmedia":[{"embeddable":true,"href":"https:\/\/comexbrindes.com.br\/site\/wp-json\/wp\/v2\/media\/5796"}],"wp:attachment":[{"href":"https:\/\/comexbrindes.com.br\/site\/wp-json\/wp\/v2\/media?parent=2622"}],"wp:term":[{"taxonomy":"product_cat","embeddable":true,"href":"https:\/\/comexbrindes.com.br\/site\/wp-json\/wp\/v2\/product_cat?post=2622"},{"taxonomy":"product_tag","embeddable":true,"href":"https:\/\/comexbrindes.com.br\/site\/wp-json\/wp\/v2\/product_tag?post=2622"}],"curies":[{"name":"wp","href":"https:\/\/api.w.org\/{rel}","templated":true}]}}