{"id":2620,"date":"2024-04-18T18:26:39","date_gmt":"2024-04-18T18:26:39","guid":{"rendered":"https:\/\/comexbrindes.com.br\/site\/?post_type=product&#038;p=2620"},"modified":"2025-11-06T20:41:28","modified_gmt":"2025-11-06T20:41:28","slug":"stella-artois-luxo-tacas-250-ml-personalizadas-cs1-091382","status":"publish","type":"product","link":"https:\/\/comexbrindes.com.br\/site\/produto\/stella-artois-luxo-tacas-250-ml-personalizadas-cs1-091382\/","title":{"rendered":"02 STELLA ARTOIS LUXO TA\u00c7AS, 250 ML- TS-250"},"content":{"rendered":"<ul>\n<li>Ta\u00e7as 250 ml, STELLA ARTOIS, personalizada Stella + sua logomarca no verso.<\/li>\n<li>Importante: A personaliza\u00e7\u00e3o Stella Artois permanece.<\/li>\n<li>Caixa master colm\u00e9ia 60 x 30 x 20 cm com 24 un.<\/li>\n<li><strong>Grava\u00e7\u00e3o:<\/strong> serigrafia fixa\u00e7\u00e3o permanente com tinta vitrificada.<\/li>\n<\/ul>\n<p>&nbsp;<\/p>\n","protected":false},"excerpt":{"rendered":"<p>Ta\u00e7as 250 ml, STELLA ARTOIS, personalizada Stella + sua logomarca no verso. Importante: A personaliza\u00e7\u00e3o Stella Artois permanece. Caixa master colm\u00e9ia 60 x 30 x 20 cm com 24 un. Grava\u00e7\u00e3o: serigrafia fixa\u00e7\u00e3o permanente com tinta vitrificada. &nbsp;<\/p>\n","protected":false},"featured_media":5343,"template":"","meta":[],"product_cat":[60],"product_tag":[],"class_list":{"0":"post-2620","1":"product","2":"type-product","3":"status-publish","4":"has-post-thumbnail","6":"product_cat-bar","8":"first","9":"instock","10":"shipping-taxable","11":"product-type-variable"},"_links":{"self":[{"href":"https:\/\/comexbrindes.com.br\/site\/wp-json\/wp\/v2\/product\/2620","targetHints":{"allow":["GET"]}}],"collection":[{"href":"https:\/\/comexbrindes.com.br\/site\/wp-json\/wp\/v2\/product"}],"about":[{"href":"https:\/\/comexbrindes.com.br\/site\/wp-json\/wp\/v2\/types\/product"}],"version-history":[{"count":5,"href":"https:\/\/comexbrindes.com.br\/site\/wp-json\/wp\/v2\/product\/2620\/revisions"}],"predecessor-version":[{"id":8019,"href":"https:\/\/comexbrindes.com.br\/site\/wp-json\/wp\/v2\/product\/2620\/revisions\/8019"}],"wp:featuredmedia":[{"embeddable":true,"href":"https:\/\/comexbrindes.com.br\/site\/wp-json\/wp\/v2\/media\/5343"}],"wp:attachment":[{"href":"https:\/\/comexbrindes.com.br\/site\/wp-json\/wp\/v2\/media?parent=2620"}],"wp:term":[{"taxonomy":"product_cat","embeddable":true,"href":"https:\/\/comexbrindes.com.br\/site\/wp-json\/wp\/v2\/product_cat?post=2620"},{"taxonomy":"product_tag","embeddable":true,"href":"https:\/\/comexbrindes.com.br\/site\/wp-json\/wp\/v2\/product_tag?post=2620"}],"curies":[{"name":"wp","href":"https:\/\/api.w.org\/{rel}","templated":true}]}}