{"id":2493,"date":"2024-04-18T18:07:29","date_gmt":"2024-04-18T18:07:29","guid":{"rendered":"https:\/\/comexbrindes.com.br\/site\/?post_type=product&#038;p=2493"},"modified":"2026-02-20T17:02:08","modified_gmt":"2026-02-20T17:02:08","slug":"aerador-de-vinho-portatil-ms-14531","status":"publish","type":"product","link":"https:\/\/comexbrindes.com.br\/site\/produto\/aerador-de-vinho-portatil-ms-14531\/","title":{"rendered":"AERADOR DE VINHO PORT\u00c1TIL &#8211; MS.14531"},"content":{"rendered":"<ul>\n<li>Aerador Acr\u00edlico<\/li>\n<li>Suporte para aerador<\/li>\n<li>Filtro para res\u00edduos<\/li>\n<li>Estojo veludo<\/li>\n<li>Embalagem box presente<\/li>\n<li><strong>Tamanho:<\/strong> 16 x 5,7 x 7 cm<\/li>\n<li><strong>Grava\u00e7\u00e3o:<\/strong> digital cores no aerador<\/li>\n<\/ul>\n<p>&nbsp;<\/p>\n<p>&nbsp;<\/p>\n","protected":false},"excerpt":{"rendered":"<p>Aerador Acr\u00edlico Suporte para aerador Filtro para res\u00edduos Estojo veludo Embalagem box presente Tamanho: 16 x 5,7 x 7 cm Grava\u00e7\u00e3o: digital cores no aerador &nbsp; &nbsp;<\/p>\n","protected":false},"featured_media":6901,"template":"","meta":[],"product_cat":[95],"product_tag":[],"class_list":{"0":"post-2493","1":"product","2":"type-product","3":"status-publish","4":"has-post-thumbnail","6":"product_cat-queijo-vinho","8":"first","9":"instock","10":"shipping-taxable","11":"product-type-variable"},"_links":{"self":[{"href":"https:\/\/comexbrindes.com.br\/site\/wp-json\/wp\/v2\/product\/2493","targetHints":{"allow":["GET"]}}],"collection":[{"href":"https:\/\/comexbrindes.com.br\/site\/wp-json\/wp\/v2\/product"}],"about":[{"href":"https:\/\/comexbrindes.com.br\/site\/wp-json\/wp\/v2\/types\/product"}],"version-history":[{"count":6,"href":"https:\/\/comexbrindes.com.br\/site\/wp-json\/wp\/v2\/product\/2493\/revisions"}],"predecessor-version":[{"id":8453,"href":"https:\/\/comexbrindes.com.br\/site\/wp-json\/wp\/v2\/product\/2493\/revisions\/8453"}],"wp:featuredmedia":[{"embeddable":true,"href":"https:\/\/comexbrindes.com.br\/site\/wp-json\/wp\/v2\/media\/6901"}],"wp:attachment":[{"href":"https:\/\/comexbrindes.com.br\/site\/wp-json\/wp\/v2\/media?parent=2493"}],"wp:term":[{"taxonomy":"product_cat","embeddable":true,"href":"https:\/\/comexbrindes.com.br\/site\/wp-json\/wp\/v2\/product_cat?post=2493"},{"taxonomy":"product_tag","embeddable":true,"href":"https:\/\/comexbrindes.com.br\/site\/wp-json\/wp\/v2\/product_tag?post=2493"}],"curies":[{"name":"wp","href":"https:\/\/api.w.org\/{rel}","templated":true}]}}